{"id":81860,"date":"2020-03-14T11:33:44","date_gmt":"2020-03-14T10:33:44","guid":{"rendered":"https:\/\/immo-monte.me\/odricanje-od-odgovornosti\/"},"modified":"2024-07-08T16:09:59","modified_gmt":"2024-07-08T14:09:59","slug":"odricanje-od-odgovornosti","status":"publish","type":"page","link":"https:\/\/immo-monte.me\/bs\/odricanje-od-odgovornosti\/","title":{"rendered":"Odricanje od odgovornosti"},"content":{"rendered":"\t\t<div data-elementor-type=\"wp-page\" data-elementor-id=\"81860\" class=\"elementor elementor-81860 elementor-45092\" data-elementor-post-type=\"page\">\n\t\t\t\t\t\t<section class=\"elementor-section elementor-top-section elementor-element elementor-element-38b945d elementor-section-boxed elementor-section-height-default elementor-section-height-default\" data-id=\"38b945d\" data-element_type=\"section\" data-e-type=\"section\">\n\t\t\t\t\t\t<div class=\"elementor-container elementor-column-gap-default\">\n\t\t\t\t\t<div class=\"elementor-column elementor-col-100 elementor-top-column elementor-element elementor-element-77b4ea1\" data-id=\"77b4ea1\" data-element_type=\"column\" data-e-type=\"column\">\n\t\t\t<div class=\"elementor-widget-wrap elementor-element-populated\">\n\t\t\t\t\t\t<div class=\"elementor-element elementor-element-bf794ad elementor-widget elementor-widget-spacer\" data-id=\"bf794ad\" data-element_type=\"widget\" data-e-type=\"widget\" data-widget_type=\"spacer.default\">\n\t\t\t\t<div class=\"elementor-widget-container\">\n\t\t\t\t\t\t\t<div class=\"elementor-spacer\">\n\t\t\t<div class=\"elementor-spacer-inner\"><\/div>\n\t\t<\/div>\n\t\t\t\t\t\t<\/div>\n\t\t\t\t<\/div>\n\t\t\t\t\t<\/div>\n\t\t<\/div>\n\t\t\t\t\t<\/div>\n\t\t<\/section>\n\t\t\t\t<section class=\"elementor-section elementor-top-section elementor-element elementor-element-c43cca4 elementor-section-boxed elementor-section-height-default elementor-section-height-default\" data-id=\"c43cca4\" data-element_type=\"section\" data-e-type=\"section\">\n\t\t\t\t\t\t<div class=\"elementor-container elementor-column-gap-default\">\n\t\t\t\t\t<div class=\"elementor-column elementor-col-100 elementor-top-column elementor-element elementor-element-45dfb3b\" data-id=\"45dfb3b\" data-element_type=\"column\" data-e-type=\"column\">\n\t\t\t<div class=\"elementor-widget-wrap elementor-element-populated\">\n\t\t\t\t\t\t<div class=\"elementor-element elementor-element-5d795dd elementor-widget elementor-widget-text-editor\" data-id=\"5d795dd\" data-element_type=\"widget\" data-e-type=\"widget\" data-widget_type=\"text-editor.default\">\n\t\t\t\t<div class=\"elementor-widget-container\">\n\t\t\t\t\t\t\t\t\t<h1>Odricanje od odgovornosti  <\/h1>\n<\/p>\n<h3>Odgovornost za sadr\u017eaj<\/h3>\n<\/p>\n<p>Kao pru\u017ealac usluga, mi smo u skladu sa Odjeljkom 7 stav 1 TMG je odgovoran za sopstveni sadr\u017eaj na ovim stranicama u skladu sa op\u0161tim zakonima. Me\u0111utim, prema odjeljcima 8 do 10 TMG, kao pru\u017ealac usluga nismo u obavezi da nadgledamo prenete ili pohranjene informacije tre\u0107ih strana ili da istra\u017eujemo okolnosti koje ukazuju na nezakonite aktivnosti.<\/p>\n<p>Obaveze uklanjanja ili blokiranja kori\u0161tenja informacija u skladu s op\u0107im zakonom ostaju nepromijenjene. Me\u0111utim, odgovornost u tom pogledu je mogu\u0107a tek od trenutka saznanja za konkretnu povredu zakona. Ako saznamo za bilo koje odgovaraju\u0107e kr\u0161enje zakona, odmah \u0107emo ukloniti ovaj sadr\u017eaj.<\/p>\n<\/p>\n<h3>Odgovornost za linkove<\/h3>\n<\/p>\n<p>Na\u0161a ponuda sadr\u017ei linkove ka vanjskim web stranicama tre\u0107ih strana na \u010diji sadr\u017eaj nemamo utjecaja. Stoga ne mo\u017eemo preuzeti nikakvu odgovornost za ovaj vanjski sadr\u017eaj. Odgovaraju\u0107i provajder ili operater stranica je uvijek odgovoran za sadr\u017eaj povezanih stranica. Povezane stranice su provjerene zbog mogu\u0107ih kr\u0161enja zakona u vrijeme povezivanja. Ilegalni sadr\u017eaj nije bio o\u010digledan u vrijeme povezivanja.<\/p>\n<p>Me\u0111utim, stalna kontrola sadr\u017eaja povezanih stranica je nerazumna bez konkretnih dokaza o kr\u0161enju zakona. Ako saznamo za kr\u0161enje zakona, odmah \u0107emo ukloniti takve linkove.<\/p>\n<\/p>\n<h3>autorska prava<\/h3>\n<\/p>\n<p>Sadr\u017eaj i radovi na ovim stranicama koje su kreirali operateri stranice podlije\u017eu njema\u010dkom zakonu o autorskim pravima. Reprodukcija, obrada, distribucija i bilo koja vrsta iskori\u0161\u0107avanja van granica zakona o autorskim pravima zahtijevaju pismenu saglasnost odgovaraju\u0107eg autora ili kreatora. Preuzimanja i kopije ove stranice dozvoljeni su samo za privatnu, nekomercijalnu upotrebu.<\/p>\n<p>Ukoliko sadr\u017eaj na ovoj stranici nije kreirao operater, po\u0161tuju se autorska prava tre\u0107ih lica. Posebno su sadr\u017eaji tre\u0107ih lica ozna\u010deni kao takvi. Ako ipak saznate za kr\u0161enje autorskih prava, molimo vas da nas o tome obavijestite. Ako saznamo za bilo kakvo kr\u0161enje zakona, odmah \u0107emo ukloniti takav sadr\u017eaj.<\/p>\n\t\t\t\t\t\t\t\t<\/div>\n\t\t\t\t<\/div>\n\t\t\t\t\t<\/div>\n\t\t<\/div>\n\t\t\t\t\t<\/div>\n\t\t<\/section>\n\t\t\t\t<\/div>\n\t\t","protected":false},"excerpt":{"rendered":"<p>Odricanje od odgovornosti Odgovornost za sadr\u017eaj Kao pru\u017ealac usluga, mi smo u skladu sa Odjeljkom 7 stav 1 TMG je odgovoran za sopstveni sadr\u017eaj na ovim stranicama u skladu sa op\u0161tim zakonima. Me\u0111utim, prema odjeljcima 8 do 10 TMG, kao pru\u017ealac usluga nismo u obavezi da nadgledamo prenete ili pohranjene informacije tre\u0107ih strana ili da [&hellip;]<\/p>\n","protected":false},"author":2,"featured_media":0,"parent":0,"menu_order":0,"comment_status":"closed","ping_status":"closed","template":"","meta":{"footnotes":""},"class_list":["post-81860","page","type-page","status-publish","hentry"],"aioseo_notices":[],"jetpack_sharing_enabled":true,"_links":{"self":[{"href":"https:\/\/immo-monte.me\/bs\/wp-json\/wp\/v2\/pages\/81860","targetHints":{"allow":["GET"]}}],"collection":[{"href":"https:\/\/immo-monte.me\/bs\/wp-json\/wp\/v2\/pages"}],"about":[{"href":"https:\/\/immo-monte.me\/bs\/wp-json\/wp\/v2\/types\/page"}],"author":[{"embeddable":true,"href":"https:\/\/immo-monte.me\/bs\/wp-json\/wp\/v2\/users\/2"}],"replies":[{"embeddable":true,"href":"https:\/\/immo-monte.me\/bs\/wp-json\/wp\/v2\/comments?post=81860"}],"version-history":[{"count":2,"href":"https:\/\/immo-monte.me\/bs\/wp-json\/wp\/v2\/pages\/81860\/revisions"}],"predecessor-version":[{"id":81864,"href":"https:\/\/immo-monte.me\/bs\/wp-json\/wp\/v2\/pages\/81860\/revisions\/81864"}],"wp:attachment":[{"href":"https:\/\/immo-monte.me\/bs\/wp-json\/wp\/v2\/media?parent=81860"}],"curies":[{"name":"wp","href":"https:\/\/api.w.org\/{rel}","templated":true}]}}