{"id":81847,"date":"2024-05-24T21:29:53","date_gmt":"2024-05-24T19:29:53","guid":{"rendered":"https:\/\/immo-monte.me\/posredovanje-kod-kupovine-nekretnina\/"},"modified":"2024-07-08T16:09:52","modified_gmt":"2024-07-08T14:09:52","slug":"posredovanje-kod-kupovine-nekretnina","status":"publish","type":"page","link":"https:\/\/immo-monte.me\/bs\/posredovanje-kod-kupovine-nekretnina\/","title":{"rendered":"Posredovanje kod kupovine nekretnina"},"content":{"rendered":"\t\t<div data-elementor-type=\"wp-page\" data-elementor-id=\"81847\" class=\"elementor elementor-81847 elementor-79932\" data-elementor-post-type=\"page\">\n\t\t\t\t\t\t<section class=\"elementor-section elementor-top-section elementor-element elementor-element-87647a0 elementor-section-boxed elementor-section-height-default elementor-section-height-default\" data-id=\"87647a0\" data-element_type=\"section\" data-e-type=\"section\">\n\t\t\t\t\t\t<div class=\"elementor-container elementor-column-gap-default\">\n\t\t\t\t\t<div class=\"elementor-column elementor-col-100 elementor-top-column elementor-element elementor-element-7a0c943\" data-id=\"7a0c943\" data-element_type=\"column\" data-e-type=\"column\">\n\t\t\t<div class=\"elementor-widget-wrap elementor-element-populated\">\n\t\t\t\t\t\t<div class=\"elementor-element elementor-element-cd376b1 elementor-widget elementor-widget-heading\" data-id=\"cd376b1\" data-element_type=\"widget\" data-e-type=\"widget\" data-widget_type=\"heading.default\">\n\t\t\t\t<div class=\"elementor-widget-container\">\n\t\t\t\t\t<h2 class=\"elementor-heading-title elementor-size-default\">Posredovanje kod kupovine nekretnina<\/h2>\t\t\t\t<\/div>\n\t\t\t\t<\/div>\n\t\t\t\t\t<\/div>\n\t\t<\/div>\n\t\t\t\t\t<\/div>\n\t\t<\/section>\n\t\t\t\t<section class=\"elementor-section elementor-top-section elementor-element elementor-element-fcee301 elementor-section-boxed elementor-section-height-default elementor-section-height-default\" data-id=\"fcee301\" data-element_type=\"section\" data-e-type=\"section\">\n\t\t\t\t\t\t<div class=\"elementor-container elementor-column-gap-default\">\n\t\t\t\t\t<div class=\"elementor-column elementor-col-100 elementor-top-column elementor-element elementor-element-d44d8dc\" data-id=\"d44d8dc\" data-element_type=\"column\" data-e-type=\"column\">\n\t\t\t<div class=\"elementor-widget-wrap elementor-element-populated\">\n\t\t\t\t\t\t<div class=\"elementor-element elementor-element-3326a4b elementor-widget elementor-widget-text-editor\" data-id=\"3326a4b\" data-element_type=\"widget\" data-e-type=\"widget\" data-widget_type=\"text-editor.default\">\n\t\t\t\t<div class=\"elementor-widget-container\">\n\t\t\t\t\t\t\t\t\t<p>\n            <strong>Va\u0161 partner za kupovinu nekretnine u Crnoj Gori<\/strong>\n          <\/p>\n<h4>Kupovina nekretnine je zna\u010dajan korak koji zahtijeva pa\u017eljivo planiranje i stru\u010dnu pomo\u0107. Fokusiramo se na Va\u0161e potrebe i \u017eelje kada je u pitanju pronala\u017eenje savr\u0161ene nekretnine u Crnoj Gori. Na\u0161a usluga posredovanja u kupovini nekretnina uklju\u010duje sveobuhvatnu podr\u0161ku koja pokriva sve aspekte kupovine nekretnina.<\/h4>\n<\/p>\n<h3>Individualni savjeti i analiza potreba<\/h3>\n<p>Prvi korak u na\u0161em procesu su detaljne konsultacije i analiza potreba. Odvajamo vrijeme da detaljno razumijemo Va\u0161e \u017eelje, zahtjeve i ideje. Bilo da tra\u017eite ku\u0107u za odmor na obali, stan u gradu ili seosku vilu &#8211; mi \u0107emo prona\u0107i pravu nekretninu za vas. Uzimamo u obzir va\u0161e bud\u017eetske zahtjeve, \u017eeljene lokacije i specifi\u010dne zahtjeve.<\/p>\n<\/p>\n<h3>Sveobuhvatno poznavanje tr\u017ei\u0161ta<\/h3>\n<p>Na\u0161 tim ima dubinsko znanje o crnogorskom tr\u017ei\u0161tu nekretnina. Uvijek smo informirani o trenutnim tr\u017ei\u0161nim trendovima i kretanju cijena. Ova stru\u010dnost nam omogu\u0107ava da vam damo informirane preporuke i ponudimo nekretnine koje ne samo da zadovoljavaju va\u0161e potrebe ve\u0107 nude i dobar investicijski potencijal, \u010dime se rizik minimizira.<\/p>\n<\/p>\n<h3>Odabir i prezentacija nekretnina<\/h3>\n<p>Nakon \u0161to smo pa\u017eljivo procijenili va\u0161e zahtjeve, predstavit \u0107emo vam listu nekretnina koje zadovoljavaju va\u0161e kriterije. Tako\u0111er vam predstavljamo nekretnine koje su mo\u017eda malo neobi\u010dne, ali za koje sumnjamo da \u0107e vam se svidjeti. Na\u0161 cilj je dati vam sveobuhvatan utisak o svakoj nekretnini kako biste mogli donositi informirane odluke.<\/p>\n<\/p>\n<h3>Pratnja u razgledanju<\/h3>\n<p>Pregledi su klju\u010dni dio kupovine nekretnine. Organizujemo i pratimo vas na terminima pregleda i pru\u017eamo vam savjete i podr\u0161ku. Na\u0161 tim \u0107e odgovoriti na sva va\u0161a pitanja i ukazati na va\u017ene detalje koji mogu imati ulogu u procesu dono\u0161enja odluka.<\/p>\n<\/p>\n<h3>Negotiation<\/h3>\n<p>Jo\u0161 jedan va\u017ean aspekt na\u0161e usluge je pregovaranje. Zahvaljuju\u0107i na\u0161em iskustvu i poznavanju tr\u017ei\u0161ta, u mogu\u0107nosti smo da dogovorimo najbolje uslove za Vas. Mi zastupamo va\u0161e interese i osiguravamo da dobijete po\u0161tenu i transparentnu ponudu.<\/p>\n<\/p>\n<h3>Pravna podr\u0161ka<\/h3>\n<p>Kupovina imovine u stranoj zemlji mo\u017ee izazvati slo\u017eena pravna pitanja. Blisko sara\u0111ujemo sa iskusnim advokatima. Oni \u0107e vas podr\u017eati u pregledu i izradi svih potrebnih ugovora i dokumenata i osigurati da su ispunjeni svi zakonski zahtjevi.<\/p>\n<\/p>\n<h3>Savjeti o finansiranju<\/h3>\n<p>Ako vam je potrebno financiranje, nudimo vam sveobuhvatne savjete i podr\u0161ku u odabiru odgovaraju\u0107ih opcija financiranja. Imamo kontakte sa raznim bankama i finansijskim institucijama i mo\u017eemo vam pomo\u0107i da dobijete ponude.<\/p>\n<\/p>\n<h3>Nakon kupovine: servis i administracija<\/h3>\n<p>Na\u0161a usluga ne prestaje potpisivanjem kupoprodajnog ugovora. Nudimo vam i sveobuhvatnu podr\u0161ku nakon kupovine. Bilo da se radi o upravljanju i odr\u017eavanju va\u0161e nove nekretnine, radovima na renoviranju ili postavljanju komunalnih usluga &#8211; tu smo za vas. Na\u0161 cilj je da se od samog po\u010detka osje\u0107ate ugodno u svom novom domu.<\/p>\n<\/p>\n<h3>Va\u0161 li\u010dni kontakt<\/h3>\n<p>Bit \u0107emo Va\u0161a kontakt osoba tokom cijelog procesa kupovine. Pratimo vas kroz sve faze kupovine nekretnine, odgovaramo na va\u0161a pitanja i osiguravamo da sve pro\u0111e bez problema. Mo\u017eete se osloniti na nas da \u0107emo uvijek imati na umu va\u0161e najbolje interese i u\u010diniti sve \u0161to mo\u017eemo da osiguramo da budete zadovoljni.<\/p>\n<\/p>\n<h3>Zaklju\u010dak<\/h3>\n<p>Kupovina nekretnine u Crnoj Gori mo\u017ee biti nagra\u0111uju\u0107e i ispunjavaju\u0107e iskustvo. Uz na\u0161u stru\u010dnu podr\u0161ku ovaj proces ne\u0107e biti samo lak\u0161i, ve\u0107 i uspje\u0161niji. Na\u0161a sveobuhvatna posredni\u010dka usluga za prodaju nekretnina osigurava vam da prona\u0111ete savr\u0161enu nekretninu i da se osje\u0107ate bri\u017enim tokom cijelog procesa. Vjerujte na\u0161em iskustvu i poznavanju tr\u017ei\u0161ta \u2013 radujemo se \u0161to \u0107emo Vam pomo\u0107i oko kupovine nekretnine u Crnoj Gori.<\/p>\n\t\t\t\t\t\t\t\t<\/div>\n\t\t\t\t<\/div>\n\t\t\t\t\t<\/div>\n\t\t<\/div>\n\t\t\t\t\t<\/div>\n\t\t<\/section>\n\t\t\t\t<\/div>\n\t\t","protected":false},"excerpt":{"rendered":"<p>Posredovanje kod kupovine nekretnina Va\u0161 partner za kupovinu nekretnine u Crnoj Gori Kupovina nekretnine je zna\u010dajan korak koji zahtijeva pa\u017eljivo planiranje i stru\u010dnu pomo\u0107. Fokusiramo se na Va\u0161e potrebe i \u017eelje kada je u pitanju pronala\u017eenje savr\u0161ene nekretnine u Crnoj Gori. Na\u0161a usluga posredovanja u kupovini nekretnina uklju\u010duje sveobuhvatnu podr\u0161ku koja pokriva sve aspekte kupovine [&hellip;]<\/p>\n","protected":false},"author":2,"featured_media":48954,"parent":0,"menu_order":0,"comment_status":"closed","ping_status":"closed","template":"","meta":{"footnotes":""},"class_list":["post-81847","page","type-page","status-publish","has-post-thumbnail","hentry"],"aioseo_notices":[],"jetpack_sharing_enabled":true,"_links":{"self":[{"href":"https:\/\/immo-monte.me\/bs\/wp-json\/wp\/v2\/pages\/81847","targetHints":{"allow":["GET"]}}],"collection":[{"href":"https:\/\/immo-monte.me\/bs\/wp-json\/wp\/v2\/pages"}],"about":[{"href":"https:\/\/immo-monte.me\/bs\/wp-json\/wp\/v2\/types\/page"}],"author":[{"embeddable":true,"href":"https:\/\/immo-monte.me\/bs\/wp-json\/wp\/v2\/users\/2"}],"replies":[{"embeddable":true,"href":"https:\/\/immo-monte.me\/bs\/wp-json\/wp\/v2\/comments?post=81847"}],"version-history":[{"count":2,"href":"https:\/\/immo-monte.me\/bs\/wp-json\/wp\/v2\/pages\/81847\/revisions"}],"predecessor-version":[{"id":81850,"href":"https:\/\/immo-monte.me\/bs\/wp-json\/wp\/v2\/pages\/81847\/revisions\/81850"}],"wp:featuredmedia":[{"embeddable":true,"href":"https:\/\/immo-monte.me\/bs\/wp-json\/wp\/v2\/media\/48954"}],"wp:attachment":[{"href":"https:\/\/immo-monte.me\/bs\/wp-json\/wp\/v2\/media?parent=81847"}],"curies":[{"name":"wp","href":"https:\/\/api.w.org\/{rel}","templated":true}]}}