{"id":81837,"date":"2024-05-24T21:39:46","date_gmt":"2024-05-24T19:39:46","guid":{"rendered":"https:\/\/immo-monte.me\/posredovanje-kod-dugorocnog-najma-nekretnina\/"},"modified":"2024-10-11T10:29:38","modified_gmt":"2024-10-11T08:29:38","slug":"posredovanje-kod-dugorocnog-najma-nekretnina","status":"publish","type":"page","link":"https:\/\/immo-monte.me\/bs\/posredovanje-kod-dugorocnog-najma-nekretnina\/","title":{"rendered":"Posredovanje kod dugoro\u010dnog najma nekretnina"},"content":{"rendered":"\t\t<div data-elementor-type=\"wp-page\" data-elementor-id=\"81837\" class=\"elementor elementor-81837 elementor-79940\" data-elementor-post-type=\"page\">\n\t\t\t\t\t\t<section class=\"elementor-section elementor-top-section elementor-element elementor-element-024afa0 elementor-section-boxed elementor-section-height-default elementor-section-height-default\" data-id=\"024afa0\" data-element_type=\"section\" data-e-type=\"section\">\n\t\t\t\t\t\t<div class=\"elementor-container elementor-column-gap-default\">\n\t\t\t\t\t<div class=\"elementor-column elementor-col-100 elementor-top-column elementor-element elementor-element-96b3cfe\" data-id=\"96b3cfe\" data-element_type=\"column\" data-e-type=\"column\">\n\t\t\t<div class=\"elementor-widget-wrap elementor-element-populated\">\n\t\t\t\t\t\t<div class=\"elementor-element elementor-element-6110ff3 elementor-widget elementor-widget-image\" data-id=\"6110ff3\" data-element_type=\"widget\" data-e-type=\"widget\" data-widget_type=\"image.default\">\n\t\t\t\t<div class=\"elementor-widget-container\">\n\t\t\t\t\t\t\t\t\t\t\t\t\t\t\t<img fetchpriority=\"high\" decoding=\"async\" width=\"1024\" height=\"538\" src=\"https:\/\/immo-monte.me\/wp-content\/uploads\/2022\/11\/Facebook-Bild-Langzeitmiete-Montenegro_Zeichenflaeche-1-1024x538.jpg\" class=\"attachment-large size-large wp-image-56928\" alt=\"\" srcset=\"https:\/\/immo-monte.me\/wp-content\/uploads\/2022\/11\/Facebook-Bild-Langzeitmiete-Montenegro_Zeichenflaeche-1-1024x538.jpg 1024w, https:\/\/immo-monte.me\/wp-content\/uploads\/2022\/11\/Facebook-Bild-Langzeitmiete-Montenegro_Zeichenflaeche-1-300x158.jpg 300w, https:\/\/immo-monte.me\/wp-content\/uploads\/2022\/11\/Facebook-Bild-Langzeitmiete-Montenegro_Zeichenflaeche-1-768x403.jpg 768w, https:\/\/immo-monte.me\/wp-content\/uploads\/2022\/11\/Facebook-Bild-Langzeitmiete-Montenegro_Zeichenflaeche-1-1143x600.jpg 1143w, https:\/\/immo-monte.me\/wp-content\/uploads\/2022\/11\/Facebook-Bild-Langzeitmiete-Montenegro_Zeichenflaeche-1-496x260.jpg 496w, https:\/\/immo-monte.me\/wp-content\/uploads\/2022\/11\/Facebook-Bild-Langzeitmiete-Montenegro_Zeichenflaeche-1.jpg 1200w\" sizes=\"(max-width: 1024px) 100vw, 1024px\" \/>\t\t\t\t\t\t\t\t\t\t\t\t\t\t\t<\/div>\n\t\t\t\t<\/div>\n\t\t\t\t\t<\/div>\n\t\t<\/div>\n\t\t\t\t\t<\/div>\n\t\t<\/section>\n\t\t\t\t<section class=\"elementor-section elementor-top-section elementor-element elementor-element-2d34a1c elementor-section-boxed elementor-section-height-default elementor-section-height-default\" data-id=\"2d34a1c\" data-element_type=\"section\" data-e-type=\"section\">\n\t\t\t\t\t\t<div class=\"elementor-container elementor-column-gap-default\">\n\t\t\t\t\t<div class=\"elementor-column elementor-col-100 elementor-top-column elementor-element elementor-element-1a7285c\" data-id=\"1a7285c\" data-element_type=\"column\" data-e-type=\"column\">\n\t\t\t<div class=\"elementor-widget-wrap elementor-element-populated\">\n\t\t\t\t\t\t<div class=\"elementor-element elementor-element-b6f3f75 elementor-widget elementor-widget-spacer\" data-id=\"b6f3f75\" data-element_type=\"widget\" data-e-type=\"widget\" data-widget_type=\"spacer.default\">\n\t\t\t\t<div class=\"elementor-widget-container\">\n\t\t\t\t\t\t\t<div class=\"elementor-spacer\">\n\t\t\t<div class=\"elementor-spacer-inner\"><\/div>\n\t\t<\/div>\n\t\t\t\t\t\t<\/div>\n\t\t\t\t<\/div>\n\t\t\t\t\t<\/div>\n\t\t<\/div>\n\t\t\t\t\t<\/div>\n\t\t<\/section>\n\t\t\t\t<section class=\"elementor-section elementor-top-section elementor-element elementor-element-49b7cd7 elementor-section-boxed elementor-section-height-default elementor-section-height-default\" data-id=\"49b7cd7\" data-element_type=\"section\" data-e-type=\"section\">\n\t\t\t\t\t\t<div class=\"elementor-container elementor-column-gap-default\">\n\t\t\t\t\t<div class=\"elementor-column elementor-col-100 elementor-top-column elementor-element elementor-element-f8ddcfe\" data-id=\"f8ddcfe\" data-element_type=\"column\" data-e-type=\"column\">\n\t\t\t<div class=\"elementor-widget-wrap elementor-element-populated\">\n\t\t\t\t\t\t<div class=\"elementor-element elementor-element-664747b elementor-widget elementor-widget-heading\" data-id=\"664747b\" data-element_type=\"widget\" data-e-type=\"widget\" data-widget_type=\"heading.default\">\n\t\t\t\t<div class=\"elementor-widget-container\">\n\t\t\t\t\t<h2 class=\"elementor-heading-title elementor-size-default\">Posredovanje kod dugoro\u010dnog najma nekretnina<\/h2>\t\t\t\t<\/div>\n\t\t\t\t<\/div>\n\t\t\t\t\t<\/div>\n\t\t<\/div>\n\t\t\t\t\t<\/div>\n\t\t<\/section>\n\t\t\t\t<section class=\"elementor-section elementor-top-section elementor-element elementor-element-141b246 elementor-section-boxed elementor-section-height-default elementor-section-height-default\" data-id=\"141b246\" data-element_type=\"section\" data-e-type=\"section\">\n\t\t\t\t\t\t<div class=\"elementor-container elementor-column-gap-default\">\n\t\t\t\t\t<div class=\"elementor-column elementor-col-100 elementor-top-column elementor-element elementor-element-7e42661\" data-id=\"7e42661\" data-element_type=\"column\" data-e-type=\"column\">\n\t\t\t<div class=\"elementor-widget-wrap elementor-element-populated\">\n\t\t\t\t\t\t<div class=\"elementor-element elementor-element-7e1a1f5 elementor-widget elementor-widget-text-editor\" data-id=\"7e1a1f5\" data-element_type=\"widget\" data-e-type=\"widget\" data-widget_type=\"text-editor.default\">\n\t\t\t\t<div class=\"elementor-widget-container\">\n\t\t\t\t\t\t\t\t\t<p>\n            <strong>Va\u0161 stru\u010dnjak za ure\u0111enje nekretnina na du\u017ei period u Crnoj Gori<\/strong>\n          <\/p>\n<h4>Pronala\u017eenje nekretnine za dugoro\u010dni najam u novoj zemlji mo\u017ee biti izazovno. Na\u0161 cilj je da Vam ovaj proces u\u010dinimo \u0161to lak\u0161im i ugodnijim. Uz na\u0161u sveobuhvatnu uslugu posredovanja u dugoro\u010dnom najmu nekretnina, nudimo vam profesionalnu podr\u0161ku u svakoj fazi, od pronala\u017eenja savr\u0161ene nekretnine do potpisivanja ugovora o najmu i dalje.<\/h4>\n<\/p>\n<h3>Individualni savjeti i analiza potreba<\/h3>\n<p>Prvi korak na\u0161e usluge je detaljna konsultacija i analiza potreba. Odvajamo vrijeme da precizno razumijemo Va\u0161e \u017eelje i zahtjeve. Bilo da tra\u017eite stan u centru grada, ku\u0107u u mirnoj rezidencijalnoj \u010detvrti ili luksuznu vilu uz more, pomo\u0107i \u0107emo vam da prona\u0111ete idealnu nekretninu za dugoro\u010dni najam. Va\u0161e \u017eelje u pogledu lokacije, veli\u010dine, pogodnosti i bud\u017eeta uvijek se uzimaju u obzir.<\/p>\n<\/p>\n<h3>Sveobuhvatno poznavanje tr\u017ei\u0161ta<\/h3>\n<p>Na\u0161 tim ima dubinsko znanje o crnogorskom tr\u017ei\u0161tu nekretnina. Ova stru\u010dnost nam omogu\u0107ava da vam ponudimo razli\u010dite nekretnine za iznajmljivanje koje odgovaraju va\u0161im potrebama. Uvijek smo u toku sa tr\u017ei\u0161nim trendovima i cijenama najma kako bismo vam mogli dati informirane preporuke.<\/p>\n<\/p>\n<h3>Pratnja u razgledanju<\/h3>\n<p>Pregledi su bitan dio procesa selekcije. Organizujemo i pratimo vas na terminima pregleda i pru\u017eamo vam savjete i podr\u0161ku. Na\u0161 tim \u0107e odgovoriti na sva va\u0161a pitanja i ukazati na va\u017ene detalje koji mogu imati ulogu u procesu dono\u0161enja odluka.<\/p>\n<\/p>\n<h3>Negotiation<\/h3>\n<p>Dogovaranje uslova najma je jo\u0161 jedan va\u017ean deo na\u0161e usluge. Posve\u0107eni smo osiguranju da dobijete fer i povoljne uslove najma. Zahvaljuju\u0107i na\u0161em iskustvu i poznavanju tr\u017ei\u0161ta, u mogu\u0107nosti smo da optimalno zastupamo Va\u0161e interese i dogovorimo najbolje uslove za Vas.<\/p>\n<\/p>\n<h3>Pravna podr\u0161ka<\/h3>\n<p>Iznajmljivanje nekretnine u stranoj zemlji mo\u017ee izazvati pravna pitanja. Blisko sara\u0111ujemo sa iskusnim advokatima i notarima. Oni \u0107e vas podr\u017eati u pregledu i izradi svih potrebnih ugovora i dokumenata i osigurati da su ispunjeni svi zakonski zahtjevi.<\/p>\n<\/p>\n<h3>Sveobuhvatna usluga nakon najma<\/h3>\n<p>Na\u0161a usluga ne prestaje potpisivanjem ugovora o najmu. Nudimo Vam i sveobuhvatnu podr\u0161ku nakon najma. Pronala\u017eenje rje\u0161enja za sve probleme ili mo\u017eda preseljenje u drugi stan \u2013 tu smo za Vas. Na\u0161 cilj je da se od samog po\u010detka osje\u0107ate ugodno u svom novom domu.<\/p>\n<\/p>\n<h3>Li\u010dna kontakt osoba<\/h3>\n<p>Mi \u0107emo biti va\u0161a kontakt osoba tokom cijelog procesa. Pratimo vas kroz sve faze najma, odgovaramo na va\u0161a pitanja i osiguravamo da sve te\u010de bez problema. Mo\u017eete se osloniti na nas da \u0107emo uvijek imati na umu va\u0161e najbolje interese i u\u010diniti sve \u0161to mo\u017eemo da osiguramo da budete zadovoljni.<\/p>\n<\/p>\n<h3>Fleksibilnost i prilagodljivost<\/h3>\n<p>Razumijemo da se va\u0161e potrebe i okolnosti mogu promijeniti. Zato nudimo fleksibilna rje\u0161enja i spremni smo prilagoditi na\u0161e usluge va\u0161im individualnim zahtjevima. Bez obzira da li vam je potrebno kratkoro\u010dno produ\u017eenje ugovora o najmu ili se \u017eelite preseliti u drugu nekretninu &#8211; mi \u0107emo prona\u0107i pravo rje\u0161enje za vas.<\/p>\n<\/p>\n<h3>Zaklju\u010dak<\/h3>\n<p>Ure\u0111enje nekretnina za dugoro\u010dni zakup u Crnoj Gori zahtijeva sveobuhvatno poznavanje tr\u017ei\u0161ta, stru\u010dne savjete i visok nivo posve\u0107enosti. Uz na\u0161u uslugu, osiguravamo da prona\u0111ete savr\u0161enu nekretninu za iznajmljivanje i da se osje\u0107ate u dobrim rukama tokom cijelog procesa. Vjerujte u na\u0161e iskustvo i stru\u010dnost \u2013 radujemo se \u0161to \u0107emo vam pomo\u0107i da prona\u0111ete svoj novi dom u Crnoj Gori.<\/p>\n\t\t\t\t\t\t\t\t<\/div>\n\t\t\t\t<\/div>\n\t\t\t\t\t<\/div>\n\t\t<\/div>\n\t\t\t\t\t<\/div>\n\t\t<\/section>\n\t\t\t\t<section class=\"elementor-section elementor-top-section elementor-element elementor-element-377f9f9 elementor-section-boxed elementor-section-height-default elementor-section-height-default\" data-id=\"377f9f9\" data-element_type=\"section\" data-e-type=\"section\">\n\t\t\t\t\t\t<div class=\"elementor-container elementor-column-gap-default\">\n\t\t\t\t\t<div class=\"elementor-column elementor-col-100 elementor-top-column elementor-element elementor-element-6214365\" data-id=\"6214365\" data-element_type=\"column\" data-e-type=\"column\">\n\t\t\t<div class=\"elementor-widget-wrap elementor-element-populated\">\n\t\t\t\t\t\t<div class=\"elementor-element elementor-element-dc22b63 elementor-widget elementor-widget-spacer\" data-id=\"dc22b63\" data-element_type=\"widget\" data-e-type=\"widget\" data-widget_type=\"spacer.default\">\n\t\t\t\t<div class=\"elementor-widget-container\">\n\t\t\t\t\t\t\t<div class=\"elementor-spacer\">\n\t\t\t<div class=\"elementor-spacer-inner\"><\/div>\n\t\t<\/div>\n\t\t\t\t\t\t<\/div>\n\t\t\t\t<\/div>\n\t\t\t\t\t<\/div>\n\t\t<\/div>\n\t\t\t\t\t<\/div>\n\t\t<\/section>\n\t\t\t\t<section class=\"elementor-section elementor-top-section elementor-element elementor-element-155f1cd elementor-section-boxed elementor-section-height-default elementor-section-height-default\" data-id=\"155f1cd\" data-element_type=\"section\" data-e-type=\"section\">\n\t\t\t\t\t\t<div class=\"elementor-container elementor-column-gap-default\">\n\t\t\t\t\t<div class=\"elementor-column elementor-col-100 elementor-top-column elementor-element elementor-element-4fbacd0\" data-id=\"4fbacd0\" data-element_type=\"column\" data-e-type=\"column\">\n\t\t\t<div class=\"elementor-widget-wrap elementor-element-populated\">\n\t\t\t\t\t\t<div class=\"elementor-element elementor-element-c890f74 elementor-widget elementor-widget-heading\" data-id=\"c890f74\" data-element_type=\"widget\" data-e-type=\"widget\" data-widget_type=\"heading.default\">\n\t\t\t\t<div class=\"elementor-widget-container\">\n\t\t\t\t\t<h2 class=\"elementor-heading-title elementor-size-default\">Prona\u0111ite odgovaraju\u0107i objekat<\/h2>\t\t\t\t<\/div>\n\t\t\t\t<\/div>\n\t\t\t\t\t<\/div>\n\t\t<\/div>\n\t\t\t\t\t<\/div>\n\t\t<\/section>\n\t\t\t\t<section class=\"elementor-section elementor-top-section elementor-element elementor-element-84166ed elementor-section-boxed elementor-section-height-default elementor-section-height-default\" data-id=\"84166ed\" data-element_type=\"section\" data-e-type=\"section\">\n\t\t\t\t\t\t<div class=\"elementor-container elementor-column-gap-default\">\n\t\t\t\t\t<div class=\"elementor-column elementor-col-100 elementor-top-column elementor-element elementor-element-c2cb2f1\" data-id=\"c2cb2f1\" data-element_type=\"column\" data-e-type=\"column\">\n\t\t\t<div class=\"elementor-widget-wrap elementor-element-populated\">\n\t\t\t\t\t\t<div class=\"elementor-element elementor-element-e1e840a elementor-widget elementor-widget-text-editor\" data-id=\"e1e840a\" data-element_type=\"widget\" data-e-type=\"widget\" data-widget_type=\"text-editor.default\">\n\t\t\t\t<div class=\"elementor-widget-container\">\n\t\t\t\t\t\t\t\t\t<p>Napravili smo posebnu stranicu na kojoj mo\u017eete jasno prona\u0107i nekretnine za dugoro\u010dni zakup u Crnoj Gori koje imamo u ponudi. Bi\u0107e nam drago da na\u0111emo ne\u0161to za vas pojedina\u010dno. Slobodno nas kontaktirajte u bilo koje vrijeme.    <\/p>\n\t\t\t\t\t\t\t\t<\/div>\n\t\t\t\t<\/div>\n\t\t\t\t<div class=\"elementor-element elementor-element-0371fb9 elementor-widget elementor-widget-button\" data-id=\"0371fb9\" data-element_type=\"widget\" data-e-type=\"widget\" data-widget_type=\"button.default\">\n\t\t\t\t<div class=\"elementor-widget-container\">\n\t\t\t\t\t\t\t\t\t<div class=\"elementor-button-wrapper\">\n\t\t\t\t\t<a class=\"elementor-button elementor-button-link elementor-size-sm\" href=\"https:\/\/immo-monte.me\/bs\/?page_id=87829\">\n\t\t\t\t\t\t<span class=\"elementor-button-content-wrapper\">\n\t\t\t\t\t\t\t\t\t<span class=\"elementor-button-text\">Do nekretnina za iznajmljivanje<\/span>\n\t\t\t\t\t<\/span>\n\t\t\t\t\t<\/a>\n\t\t\t\t<\/div>\n\t\t\t\t\t\t\t\t<\/div>\n\t\t\t\t<\/div>\n\t\t\t\t\t<\/div>\n\t\t<\/div>\n\t\t\t\t\t<\/div>\n\t\t<\/section>\n\t\t\t\t<\/div>\n\t\t","protected":false},"excerpt":{"rendered":"<p>Posredovanje kod dugoro\u010dnog najma nekretnina Va\u0161 stru\u010dnjak za ure\u0111enje nekretnina na du\u017ei period u Crnoj Gori Pronala\u017eenje nekretnine za dugoro\u010dni najam u novoj zemlji mo\u017ee biti izazovno. Na\u0161 cilj je da Vam ovaj proces u\u010dinimo \u0161to lak\u0161im i ugodnijim. Uz na\u0161u sveobuhvatnu uslugu posredovanja u dugoro\u010dnom najmu nekretnina, nudimo vam profesionalnu podr\u0161ku u svakoj fazi, [&hellip;]<\/p>\n","protected":false},"author":2,"featured_media":48941,"parent":0,"menu_order":0,"comment_status":"closed","ping_status":"closed","template":"","meta":{"footnotes":""},"class_list":["post-81837","page","type-page","status-publish","has-post-thumbnail","hentry"],"aioseo_notices":[],"jetpack_sharing_enabled":true,"_links":{"self":[{"href":"https:\/\/immo-monte.me\/bs\/wp-json\/wp\/v2\/pages\/81837","targetHints":{"allow":["GET"]}}],"collection":[{"href":"https:\/\/immo-monte.me\/bs\/wp-json\/wp\/v2\/pages"}],"about":[{"href":"https:\/\/immo-monte.me\/bs\/wp-json\/wp\/v2\/types\/page"}],"author":[{"embeddable":true,"href":"https:\/\/immo-monte.me\/bs\/wp-json\/wp\/v2\/users\/2"}],"replies":[{"embeddable":true,"href":"https:\/\/immo-monte.me\/bs\/wp-json\/wp\/v2\/comments?post=81837"}],"version-history":[{"count":3,"href":"https:\/\/immo-monte.me\/bs\/wp-json\/wp\/v2\/pages\/81837\/revisions"}],"predecessor-version":[{"id":88541,"href":"https:\/\/immo-monte.me\/bs\/wp-json\/wp\/v2\/pages\/81837\/revisions\/88541"}],"wp:featuredmedia":[{"embeddable":true,"href":"https:\/\/immo-monte.me\/bs\/wp-json\/wp\/v2\/media\/48941"}],"wp:attachment":[{"href":"https:\/\/immo-monte.me\/bs\/wp-json\/wp\/v2\/media?parent=81837"}],"curies":[{"name":"wp","href":"https:\/\/api.w.org\/{rel}","templated":true}]}}