{"id":81830,"date":"2024-05-24T22:00:17","date_gmt":"2024-05-24T20:00:17","guid":{"rendered":"https:\/\/immo-monte.me\/podrska-poslovnim-idejama\/"},"modified":"2024-07-08T16:09:43","modified_gmt":"2024-07-08T14:09:43","slug":"podrska-poslovnim-idejama","status":"publish","type":"page","link":"https:\/\/immo-monte.me\/bs\/podrska-poslovnim-idejama\/","title":{"rendered":"Podr\u0161ka poslovnim idejama"},"content":{"rendered":"\t\t<div data-elementor-type=\"wp-page\" data-elementor-id=\"81830\" class=\"elementor elementor-81830 elementor-79958\" data-elementor-post-type=\"page\">\n\t\t\t\t\t\t<section class=\"elementor-section elementor-top-section elementor-element elementor-element-461d32f elementor-section-boxed elementor-section-height-default elementor-section-height-default\" data-id=\"461d32f\" data-element_type=\"section\" data-e-type=\"section\">\n\t\t\t\t\t\t<div class=\"elementor-container elementor-column-gap-default\">\n\t\t\t\t\t<div class=\"elementor-column elementor-col-100 elementor-top-column elementor-element elementor-element-407fb9d\" data-id=\"407fb9d\" data-element_type=\"column\" data-e-type=\"column\">\n\t\t\t<div class=\"elementor-widget-wrap elementor-element-populated\">\n\t\t\t\t\t\t<div class=\"elementor-element elementor-element-3ceff61 elementor-widget elementor-widget-image\" data-id=\"3ceff61\" data-element_type=\"widget\" data-e-type=\"widget\" data-widget_type=\"image.default\">\n\t\t\t\t<div class=\"elementor-widget-container\">\n\t\t\t\t\t\t\t\t\t\t\t\t\t\t\t<img fetchpriority=\"high\" decoding=\"async\" width=\"1024\" height=\"683\" src=\"https:\/\/immo-monte.me\/wp-content\/uploads\/2022\/11\/AdobeStock_109024530-1024x683.jpeg\" class=\"attachment-large size-large wp-image-56920\" alt=\"\" srcset=\"https:\/\/immo-monte.me\/wp-content\/uploads\/2022\/11\/AdobeStock_109024530-1024x683.jpeg 1024w, https:\/\/immo-monte.me\/wp-content\/uploads\/2022\/11\/AdobeStock_109024530-300x200.jpeg 300w, https:\/\/immo-monte.me\/wp-content\/uploads\/2022\/11\/AdobeStock_109024530-768x512.jpeg 768w, https:\/\/immo-monte.me\/wp-content\/uploads\/2022\/11\/AdobeStock_109024530-1536x1024.jpeg 1536w, https:\/\/immo-monte.me\/wp-content\/uploads\/2022\/11\/AdobeStock_109024530-2048x1365.jpeg 2048w, https:\/\/immo-monte.me\/wp-content\/uploads\/2022\/11\/AdobeStock_109024530-900x600.jpeg 900w, https:\/\/immo-monte.me\/wp-content\/uploads\/2022\/11\/AdobeStock_109024530-496x331.jpeg 496w\" sizes=\"(max-width: 1024px) 100vw, 1024px\" \/>\t\t\t\t\t\t\t\t\t\t\t\t\t\t\t<\/div>\n\t\t\t\t<\/div>\n\t\t\t\t\t<\/div>\n\t\t<\/div>\n\t\t\t\t\t<\/div>\n\t\t<\/section>\n\t\t\t\t<section class=\"elementor-section elementor-top-section elementor-element elementor-element-1a995e8 elementor-section-boxed elementor-section-height-default elementor-section-height-default\" data-id=\"1a995e8\" data-element_type=\"section\" data-e-type=\"section\">\n\t\t\t\t\t\t<div class=\"elementor-container elementor-column-gap-default\">\n\t\t\t\t\t<div class=\"elementor-column elementor-col-100 elementor-top-column elementor-element elementor-element-608356b\" data-id=\"608356b\" data-element_type=\"column\" data-e-type=\"column\">\n\t\t\t<div class=\"elementor-widget-wrap elementor-element-populated\">\n\t\t\t\t\t\t<div class=\"elementor-element elementor-element-6af49c5 elementor-widget elementor-widget-spacer\" data-id=\"6af49c5\" data-element_type=\"widget\" data-e-type=\"widget\" data-widget_type=\"spacer.default\">\n\t\t\t\t<div class=\"elementor-widget-container\">\n\t\t\t\t\t\t\t<div class=\"elementor-spacer\">\n\t\t\t<div class=\"elementor-spacer-inner\"><\/div>\n\t\t<\/div>\n\t\t\t\t\t\t<\/div>\n\t\t\t\t<\/div>\n\t\t\t\t\t<\/div>\n\t\t<\/div>\n\t\t\t\t\t<\/div>\n\t\t<\/section>\n\t\t\t\t<section class=\"elementor-section elementor-top-section elementor-element elementor-element-874cc19 elementor-section-boxed elementor-section-height-default elementor-section-height-default\" data-id=\"874cc19\" data-element_type=\"section\" data-e-type=\"section\">\n\t\t\t\t\t\t<div class=\"elementor-container elementor-column-gap-default\">\n\t\t\t\t\t<div class=\"elementor-column elementor-col-100 elementor-top-column elementor-element elementor-element-20c6ed9\" data-id=\"20c6ed9\" data-element_type=\"column\" data-e-type=\"column\">\n\t\t\t<div class=\"elementor-widget-wrap elementor-element-populated\">\n\t\t\t\t\t\t<div class=\"elementor-element elementor-element-a4e0b7a elementor-widget elementor-widget-heading\" data-id=\"a4e0b7a\" data-element_type=\"widget\" data-e-type=\"widget\" data-widget_type=\"heading.default\">\n\t\t\t\t<div class=\"elementor-widget-container\">\n\t\t\t\t\t<h2 class=\"elementor-heading-title elementor-size-default\">Podr\u0161ka poslovnim idejama<\/h2>\t\t\t\t<\/div>\n\t\t\t\t<\/div>\n\t\t\t\t\t<\/div>\n\t\t<\/div>\n\t\t\t\t\t<\/div>\n\t\t<\/section>\n\t\t\t\t<section class=\"elementor-section elementor-top-section elementor-element elementor-element-f527140 elementor-section-boxed elementor-section-height-default elementor-section-height-default\" data-id=\"f527140\" data-element_type=\"section\" data-e-type=\"section\">\n\t\t\t\t\t\t<div class=\"elementor-container elementor-column-gap-default\">\n\t\t\t\t\t<div class=\"elementor-column elementor-col-100 elementor-top-column elementor-element elementor-element-d8edcf1\" data-id=\"d8edcf1\" data-element_type=\"column\" data-e-type=\"column\">\n\t\t\t<div class=\"elementor-widget-wrap elementor-element-populated\">\n\t\t\t\t\t\t<div class=\"elementor-element elementor-element-a62bb05 elementor-widget elementor-widget-text-editor\" data-id=\"a62bb05\" data-element_type=\"widget\" data-e-type=\"widget\" data-widget_type=\"text-editor.default\">\n\t\t\t\t<div class=\"elementor-widget-container\">\n\t\t\t\t\t\t\t\t\t<h4>Ako razmi\u0161ljate o realizaciji svoje poslovne ideje u Crnoj Gori, a ne znate kako to da uradite &#8211; mi smo tu da vam pomognemo. Na\u0161a agencija nudi sveobuhvatnu podr\u0161ku budu\u0107im preduzetnicima, od tuma\u010denja do ugovaranja poslovnih kontakata i podr\u0161ke u slu\u017ebenim poslovima, osnivanja firme i pronala\u017eenja nekretnina za va\u0161u kompaniju.<\/h4>\n<\/p>\n<h3>Na\u0161e usluge uklju\u010duju:<\/h3>\n<\/p>\n<p><strong>Usluge prevo\u0111enja:<\/strong> Djelujemo kao prevodioci kako bismo osigurali da mo\u017eete jasno i u\u010dinkovito komunicirati s potencijalnim poslovnim partnerima, vlastima i drugim klju\u010dnim dionicima.<\/p>\n<p><strong>Dogovaranje poslovnih kontakata:<\/strong> Zahvaljuju\u0107i na\u0161oj \u0161irokoj mre\u017ei, mo\u017eemo vam pomo\u0107i da uspostavite prave poslovne kontakte. Povezujemo vas s potencijalnim dobavlja\u010dima, kupcima i partnerima kako bismo unaprijedili va\u0161 poslovni poduhvat.<\/p>\n<p><strong>Podr\u0161ka u slu\u017ebenim pitanjima:<\/strong> Poma\u017eemo vam u svim slu\u017ebenim pitanjima, bilo da se radi o podno\u0161enju zahtjeva za dozvole, licence ili drugim birokratskim koracima. Osiguravamo da ispunjavate sve zakonske zahtjeve za nesmetano vo\u0111enje va\u0161eg poslovanja.<\/p>\n<p><strong>Osnivanje preduze\u0107a:<\/strong> Podr\u017eavamo vas u osnivanju va\u0161e kompanije u Crnoj Gori, uklju\u010duju\u0107i izbor odgovaraju\u0107e pravne forme, pripremu poslovne dokumentacije i registraciju u komercijalnom registru.<\/p>\n<p><strong>Podr\u0161ka u pronala\u017eenju nekretnina:<\/strong> Pomo\u0107i \u0107emo vam da prona\u0111ete pravu poslovnu nekretninu za kupovinu ili iznajmljivanje. Savjetujemo Vas oko odabira lokacije i podr\u017eavamo Vas u pregovorima sa iznajmljiva\u010dima ili prodava\u010dima.<\/p>\n<p><strong>Razvoj reklamnih ideja:<\/strong> Podr\u017eavamo vas u razvoju kreativnih reklamnih ideja i marketin\u0161kih strategija za uspje\u0161no promoviranje va\u0161eg poslovanja i privla\u010denje kupaca.<\/p>\n<p><strong>Pristup velikoj zajednici:<\/strong> Kroz na\u0161u veliku zajednicu njema\u010dkih iseljenika i poduzetnika, tako\u0111er mo\u017eete prona\u0107i poslovne partnere ili nove ideje. Nudimo vam priliku da razmijenite ideje sa ljudima istomi\u0161ljenika i iskoristite njihova iskustva.<\/p>\n<p>Vjerujte u na\u0161u stru\u010dnost i na\u0161u mre\u017eu kako bismo uspje\u0161no implementirali svoju poslovnu ideju u Crnoj Gori. Tu smo da vam pru\u017eimo savjete i podr\u0161ku kako bismo osigurali uspje\u0161an po\u010detak va\u0161eg poslovanja i dugoro\u010dan uspjeh.<\/p>\n\t\t\t\t\t\t\t\t<\/div>\n\t\t\t\t<\/div>\n\t\t\t\t\t<\/div>\n\t\t<\/div>\n\t\t\t\t\t<\/div>\n\t\t<\/section>\n\t\t\t\t<\/div>\n\t\t","protected":false},"excerpt":{"rendered":"<p>Podr\u0161ka poslovnim idejama Ako razmi\u0161ljate o realizaciji svoje poslovne ideje u Crnoj Gori, a ne znate kako to da uradite &#8211; mi smo tu da vam pomognemo. Na\u0161a agencija nudi sveobuhvatnu podr\u0161ku budu\u0107im preduzetnicima, od tuma\u010denja do ugovaranja poslovnih kontakata i podr\u0161ke u slu\u017ebenim poslovima, osnivanja firme i pronala\u017eenja nekretnina za va\u0161u kompaniju. Na\u0161e usluge [&hellip;]<\/p>\n","protected":false},"author":2,"featured_media":48925,"parent":0,"menu_order":0,"comment_status":"closed","ping_status":"closed","template":"","meta":{"footnotes":""},"class_list":["post-81830","page","type-page","status-publish","has-post-thumbnail","hentry"],"aioseo_notices":[],"jetpack_sharing_enabled":true,"_links":{"self":[{"href":"https:\/\/immo-monte.me\/bs\/wp-json\/wp\/v2\/pages\/81830","targetHints":{"allow":["GET"]}}],"collection":[{"href":"https:\/\/immo-monte.me\/bs\/wp-json\/wp\/v2\/pages"}],"about":[{"href":"https:\/\/immo-monte.me\/bs\/wp-json\/wp\/v2\/types\/page"}],"author":[{"embeddable":true,"href":"https:\/\/immo-monte.me\/bs\/wp-json\/wp\/v2\/users\/2"}],"replies":[{"embeddable":true,"href":"https:\/\/immo-monte.me\/bs\/wp-json\/wp\/v2\/comments?post=81830"}],"version-history":[{"count":2,"href":"https:\/\/immo-monte.me\/bs\/wp-json\/wp\/v2\/pages\/81830\/revisions"}],"predecessor-version":[{"id":81834,"href":"https:\/\/immo-monte.me\/bs\/wp-json\/wp\/v2\/pages\/81830\/revisions\/81834"}],"wp:featuredmedia":[{"embeddable":true,"href":"https:\/\/immo-monte.me\/bs\/wp-json\/wp\/v2\/media\/48925"}],"wp:attachment":[{"href":"https:\/\/immo-monte.me\/bs\/wp-json\/wp\/v2\/media?parent=81830"}],"curies":[{"name":"wp","href":"https:\/\/api.w.org\/{rel}","templated":true}]}}