{"id":81825,"date":"2024-05-24T21:48:37","date_gmt":"2024-05-24T19:48:37","guid":{"rendered":"https:\/\/immo-monte.me\/osnivanje-kompanije-u-crnoj-gori\/"},"modified":"2024-07-08T16:09:43","modified_gmt":"2024-07-08T14:09:43","slug":"osnivanje-kompanije-u-crnoj-gori","status":"publish","type":"page","link":"https:\/\/immo-monte.me\/bs\/osnivanje-kompanije-u-crnoj-gori\/","title":{"rendered":"Osnivanje kompanije u Crnoj Gori"},"content":{"rendered":"\t\t<div data-elementor-type=\"wp-page\" data-elementor-id=\"81825\" class=\"elementor elementor-81825 elementor-79948\" data-elementor-post-type=\"page\">\n\t\t\t\t\t\t<section class=\"elementor-section elementor-top-section elementor-element elementor-element-6f28ee3 elementor-section-boxed elementor-section-height-default elementor-section-height-default\" data-id=\"6f28ee3\" data-element_type=\"section\" data-e-type=\"section\">\n\t\t\t\t\t\t<div class=\"elementor-container elementor-column-gap-default\">\n\t\t\t\t\t<div class=\"elementor-column elementor-col-100 elementor-top-column elementor-element elementor-element-04bbd3f\" data-id=\"04bbd3f\" data-element_type=\"column\" data-e-type=\"column\">\n\t\t\t<div class=\"elementor-widget-wrap elementor-element-populated\">\n\t\t\t\t\t\t<div class=\"elementor-element elementor-element-39411e6 elementor-widget elementor-widget-image\" data-id=\"39411e6\" data-element_type=\"widget\" data-e-type=\"widget\" data-widget_type=\"image.default\">\n\t\t\t\t<div class=\"elementor-widget-container\">\n\t\t\t\t\t\t\t\t\t\t\t\t\t\t\t<img fetchpriority=\"high\" decoding=\"async\" width=\"1024\" height=\"683\" src=\"https:\/\/immo-monte.me\/wp-content\/uploads\/2022\/11\/AdobeStock_211102263-1024x683.jpeg\" class=\"attachment-large size-large wp-image-56922\" alt=\"Firmengr\u00fcndung in Montenegro\" srcset=\"https:\/\/immo-monte.me\/wp-content\/uploads\/2022\/11\/AdobeStock_211102263-1024x683.jpeg 1024w, https:\/\/immo-monte.me\/wp-content\/uploads\/2022\/11\/AdobeStock_211102263-300x200.jpeg 300w, https:\/\/immo-monte.me\/wp-content\/uploads\/2022\/11\/AdobeStock_211102263-768x512.jpeg 768w, https:\/\/immo-monte.me\/wp-content\/uploads\/2022\/11\/AdobeStock_211102263-1536x1024.jpeg 1536w, https:\/\/immo-monte.me\/wp-content\/uploads\/2022\/11\/AdobeStock_211102263-2048x1365.jpeg 2048w, https:\/\/immo-monte.me\/wp-content\/uploads\/2022\/11\/AdobeStock_211102263-900x600.jpeg 900w, https:\/\/immo-monte.me\/wp-content\/uploads\/2022\/11\/AdobeStock_211102263-496x331.jpeg 496w\" sizes=\"(max-width: 1024px) 100vw, 1024px\" \/>\t\t\t\t\t\t\t\t\t\t\t\t\t\t\t<\/div>\n\t\t\t\t<\/div>\n\t\t\t\t\t<\/div>\n\t\t<\/div>\n\t\t\t\t\t<\/div>\n\t\t<\/section>\n\t\t\t\t<section class=\"elementor-section elementor-top-section elementor-element elementor-element-84f233d elementor-section-boxed elementor-section-height-default elementor-section-height-default\" data-id=\"84f233d\" data-element_type=\"section\" data-e-type=\"section\">\n\t\t\t\t\t\t<div class=\"elementor-container elementor-column-gap-default\">\n\t\t\t\t\t<div class=\"elementor-column elementor-col-100 elementor-top-column elementor-element elementor-element-7c571ed\" data-id=\"7c571ed\" data-element_type=\"column\" data-e-type=\"column\">\n\t\t\t<div class=\"elementor-widget-wrap elementor-element-populated\">\n\t\t\t\t\t\t<div class=\"elementor-element elementor-element-cfec07d elementor-widget elementor-widget-spacer\" data-id=\"cfec07d\" data-element_type=\"widget\" data-e-type=\"widget\" data-widget_type=\"spacer.default\">\n\t\t\t\t<div class=\"elementor-widget-container\">\n\t\t\t\t\t\t\t<div class=\"elementor-spacer\">\n\t\t\t<div class=\"elementor-spacer-inner\"><\/div>\n\t\t<\/div>\n\t\t\t\t\t\t<\/div>\n\t\t\t\t<\/div>\n\t\t\t\t\t<\/div>\n\t\t<\/div>\n\t\t\t\t\t<\/div>\n\t\t<\/section>\n\t\t\t\t<section class=\"elementor-section elementor-top-section elementor-element elementor-element-cc6b219 elementor-section-boxed elementor-section-height-default elementor-section-height-default\" data-id=\"cc6b219\" data-element_type=\"section\" data-e-type=\"section\">\n\t\t\t\t\t\t<div class=\"elementor-container elementor-column-gap-default\">\n\t\t\t\t\t<div class=\"elementor-column elementor-col-100 elementor-top-column elementor-element elementor-element-607a79f\" data-id=\"607a79f\" data-element_type=\"column\" data-e-type=\"column\">\n\t\t\t<div class=\"elementor-widget-wrap elementor-element-populated\">\n\t\t\t\t\t\t<div class=\"elementor-element elementor-element-96501e2 elementor-widget elementor-widget-heading\" data-id=\"96501e2\" data-element_type=\"widget\" data-e-type=\"widget\" data-widget_type=\"heading.default\">\n\t\t\t\t<div class=\"elementor-widget-container\">\n\t\t\t\t\t<h2 class=\"elementor-heading-title elementor-size-default\">Osnivanje kompanije u Crnoj Gori<\/h2>\t\t\t\t<\/div>\n\t\t\t\t<\/div>\n\t\t\t\t\t<\/div>\n\t\t<\/div>\n\t\t\t\t\t<\/div>\n\t\t<\/section>\n\t\t\t\t<section class=\"elementor-section elementor-top-section elementor-element elementor-element-db48f50 elementor-section-boxed elementor-section-height-default elementor-section-height-default\" data-id=\"db48f50\" data-element_type=\"section\" data-e-type=\"section\">\n\t\t\t\t\t\t<div class=\"elementor-container elementor-column-gap-default\">\n\t\t\t\t\t<div class=\"elementor-column elementor-col-100 elementor-top-column elementor-element elementor-element-5ea20c2\" data-id=\"5ea20c2\" data-element_type=\"column\" data-e-type=\"column\">\n\t\t\t<div class=\"elementor-widget-wrap elementor-element-populated\">\n\t\t\t\t\t\t<div class=\"elementor-element elementor-element-9a23656 elementor-widget elementor-widget-text-editor\" data-id=\"9a23656\" data-element_type=\"widget\" data-e-type=\"widget\" data-widget_type=\"text-editor.default\">\n\t\t\t\t<div class=\"elementor-widget-container\">\n\t\t\t\t\t\t\t\t\t<h4>Osnivanje kompanije u Crnoj Gori dio je na\u0161eg svakodnevnog posla. Mnogi se odlu\u010duju da osnuju kompaniju kako bi samostalno realizovali svoje poslovne ideje u Crnoj Gori i odmah zapo\u010deli. Zbog po\u010detnih jezi\u010dkih barijera, za mnoge ljude samozapo\u0161ljavanje je po\u017eeljnija opcija u odnosu na stalni posao.<\/h4>\n<p>Na\u0161e usluge osnivanja preduze\u0107a u Crnoj Gori obuhvataju i sve druge administrativne poslove, kao \u0161to su podno\u0161enje zahtjeva za izdavanje boravi\u0161ne dozvole, otvaranje bankovnih ra\u010duna, uvoz motornih vozila, kao i imenovanja notara i advokata. Ove usluge nudimo od ponedjeljka do petka od 8:00 do 13:00 sati u centru Bara.<\/p>\n<p>Mi mo\u017eemo osnovati i registrovati firmu u Crnoj Gori u roku od 3 do 7 dana. Ovisno o hitnosti, ovaj proces se mo\u017ee ubrzati ili zavr\u0161iti u uobi\u010dajenom roku od najvi\u0161e 7 dana. Tako\u0111e je mogu\u0107e osnovati kompaniju na daljinu uz pomo\u0107 punomo\u0107ja. Molimo kontaktirajte nas direktno ako je potrebno.<\/p>\n<p>Da biste osnovali kompaniju u Crnoj Gori, sve \u0161to vam je potrebno je paso\u0161 i naziv kompanije. Ime se mo\u017ee slobodno birati i ne mora ispunjavati nikakve posebne zahtjeve. Poslovni advokat provjerava da li je izabrano ime ve\u0107 zauzeto ili je jo\u0161 uvijek dostupno.<\/p>\n<p>Tro\u0161kovi osnivanja preduze\u0107a u Crnoj Gori variraju na godi\u0161njem nivou, uglavnom zbog pravnih tro\u0161kova. Pitajte nas direktno za trenutne tro\u0161kove.<\/p>\n<p>Dr\u017eavnim praznicima, subotom i nedjeljom, nisu aktivni ni poslovni advokat ni nadle\u017eni organi, \u0161to mo\u017ee dovesti do ka\u0161njenja ovih dana.<\/p>\n<p>Po pravilu za Vas osnivamo takozvano \u201cdoo\u201d (dru\u0161tvo sa ograni\u010denom odgovorno\u0161\u0107u). Osnivanjem doo dobijate opse\u017ean katalog djelatnosti koji pokriva gotovo sve profesionalne djelatnosti kojima biste \u017eeljeli da se bavite u Crnoj Gori. Naravno, po \u017eelji se mogu unijeti i odre\u0111ene aktivnosti.<\/p>\n<p>Generalni direktor se po pravilu zapo\u0161ljava u roku od 14 dana od osnivanja preduze\u0107a i tada dobija boravi\u0161nu dozvolu. Podr\u017eavamo vas i pri zapo\u0161ljavanju i pri podno\u0161enju zahtjeva za boravi\u0161nu dozvolu.<\/p>\n<p>Dodatne informacije o podno\u0161enju zahtjeva za boravi\u0161nu dozvolu mo\u017eete prona\u0107i ovdje:<\/p><\/p>\n\t\t\t\t\t\t\t\t<\/div>\n\t\t\t\t<\/div>\n\t\t\t\t\t<\/div>\n\t\t<\/div>\n\t\t\t\t\t<\/div>\n\t\t<\/section>\n\t\t\t\t<\/div>\n\t\t","protected":false},"excerpt":{"rendered":"<p>Osnivanje kompanije u Crnoj Gori Osnivanje kompanije u Crnoj Gori dio je na\u0161eg svakodnevnog posla. Mnogi se odlu\u010duju da osnuju kompaniju kako bi samostalno realizovali svoje poslovne ideje u Crnoj Gori i odmah zapo\u010deli. Zbog po\u010detnih jezi\u010dkih barijera, za mnoge ljude samozapo\u0161ljavanje je po\u017eeljnija opcija u odnosu na stalni posao. Na\u0161e usluge osnivanja preduze\u0107a u [&hellip;]<\/p>\n","protected":false},"author":2,"featured_media":48929,"parent":0,"menu_order":0,"comment_status":"closed","ping_status":"closed","template":"","meta":{"footnotes":""},"class_list":["post-81825","page","type-page","status-publish","has-post-thumbnail","hentry"],"aioseo_notices":[],"jetpack_sharing_enabled":true,"_links":{"self":[{"href":"https:\/\/immo-monte.me\/bs\/wp-json\/wp\/v2\/pages\/81825","targetHints":{"allow":["GET"]}}],"collection":[{"href":"https:\/\/immo-monte.me\/bs\/wp-json\/wp\/v2\/pages"}],"about":[{"href":"https:\/\/immo-monte.me\/bs\/wp-json\/wp\/v2\/types\/page"}],"author":[{"embeddable":true,"href":"https:\/\/immo-monte.me\/bs\/wp-json\/wp\/v2\/users\/2"}],"replies":[{"embeddable":true,"href":"https:\/\/immo-monte.me\/bs\/wp-json\/wp\/v2\/comments?post=81825"}],"version-history":[{"count":2,"href":"https:\/\/immo-monte.me\/bs\/wp-json\/wp\/v2\/pages\/81825\/revisions"}],"predecessor-version":[{"id":81829,"href":"https:\/\/immo-monte.me\/bs\/wp-json\/wp\/v2\/pages\/81825\/revisions\/81829"}],"wp:featuredmedia":[{"embeddable":true,"href":"https:\/\/immo-monte.me\/bs\/wp-json\/wp\/v2\/media\/48929"}],"wp:attachment":[{"href":"https:\/\/immo-monte.me\/bs\/wp-json\/wp\/v2\/media?parent=81825"}],"curies":[{"name":"wp","href":"https:\/\/api.w.org\/{rel}","templated":true}]}}