{"id":81816,"date":"2024-05-24T22:04:23","date_gmt":"2024-05-24T20:04:23","guid":{"rendered":"https:\/\/immo-monte.me\/selim-se-u-crnu-goru\/"},"modified":"2024-07-08T16:09:43","modified_gmt":"2024-07-08T14:09:43","slug":"selim-se-u-crnu-goru","status":"publish","type":"page","link":"https:\/\/immo-monte.me\/bs\/selim-se-u-crnu-goru\/","title":{"rendered":"Selim se u Crnu Goru"},"content":{"rendered":"\t\t<div data-elementor-type=\"wp-page\" data-elementor-id=\"81816\" class=\"elementor elementor-81816 elementor-79963\" data-elementor-post-type=\"page\">\n\t\t\t\t\t\t<section class=\"elementor-section elementor-top-section elementor-element elementor-element-0d82a34 elementor-section-boxed elementor-section-height-default elementor-section-height-default\" data-id=\"0d82a34\" data-element_type=\"section\" data-e-type=\"section\">\n\t\t\t\t\t\t<div class=\"elementor-container elementor-column-gap-default\">\n\t\t\t\t\t<div class=\"elementor-column elementor-col-100 elementor-top-column elementor-element elementor-element-a1bf6e8\" data-id=\"a1bf6e8\" data-element_type=\"column\" data-e-type=\"column\">\n\t\t\t<div class=\"elementor-widget-wrap elementor-element-populated\">\n\t\t\t\t\t\t<div class=\"elementor-element elementor-element-9cfb188 elementor-widget elementor-widget-image\" data-id=\"9cfb188\" data-element_type=\"widget\" data-e-type=\"widget\" data-widget_type=\"image.default\">\n\t\t\t\t<div class=\"elementor-widget-container\">\n\t\t\t\t\t\t\t\t\t\t\t\t\t\t\t<img fetchpriority=\"high\" decoding=\"async\" width=\"1024\" height=\"725\" src=\"https:\/\/immo-monte.me\/wp-content\/uploads\/2022\/11\/AdobeStock_357577831-Kopie.jpg\" class=\"attachment-large size-large wp-image-48958\" alt=\"Umzug nach Montenegro\" srcset=\"https:\/\/immo-monte.me\/wp-content\/uploads\/2022\/11\/AdobeStock_357577831-Kopie.jpg 1024w, https:\/\/immo-monte.me\/wp-content\/uploads\/2022\/11\/AdobeStock_357577831-Kopie-300x212.jpg 300w, https:\/\/immo-monte.me\/wp-content\/uploads\/2022\/11\/AdobeStock_357577831-Kopie-768x544.jpg 768w, https:\/\/immo-monte.me\/wp-content\/uploads\/2022\/11\/AdobeStock_357577831-Kopie-847x600.jpg 847w, https:\/\/immo-monte.me\/wp-content\/uploads\/2022\/11\/AdobeStock_357577831-Kopie-496x351.jpg 496w\" sizes=\"(max-width: 1024px) 100vw, 1024px\" \/>\t\t\t\t\t\t\t\t\t\t\t\t\t\t\t<\/div>\n\t\t\t\t<\/div>\n\t\t\t\t\t<\/div>\n\t\t<\/div>\n\t\t\t\t\t<\/div>\n\t\t<\/section>\n\t\t\t\t<section class=\"elementor-section elementor-top-section elementor-element elementor-element-05ac45b elementor-section-boxed elementor-section-height-default elementor-section-height-default\" data-id=\"05ac45b\" data-element_type=\"section\" data-e-type=\"section\">\n\t\t\t\t\t\t<div class=\"elementor-container elementor-column-gap-default\">\n\t\t\t\t\t<div class=\"elementor-column elementor-col-100 elementor-top-column elementor-element elementor-element-f9dbf15\" data-id=\"f9dbf15\" data-element_type=\"column\" data-e-type=\"column\">\n\t\t\t<div class=\"elementor-widget-wrap elementor-element-populated\">\n\t\t\t\t\t\t<div class=\"elementor-element elementor-element-f089c42 elementor-widget elementor-widget-spacer\" data-id=\"f089c42\" data-element_type=\"widget\" data-e-type=\"widget\" data-widget_type=\"spacer.default\">\n\t\t\t\t<div class=\"elementor-widget-container\">\n\t\t\t\t\t\t\t<div class=\"elementor-spacer\">\n\t\t\t<div class=\"elementor-spacer-inner\"><\/div>\n\t\t<\/div>\n\t\t\t\t\t\t<\/div>\n\t\t\t\t<\/div>\n\t\t\t\t\t<\/div>\n\t\t<\/div>\n\t\t\t\t\t<\/div>\n\t\t<\/section>\n\t\t\t\t<section class=\"elementor-section elementor-top-section elementor-element elementor-element-73bac13 elementor-section-boxed elementor-section-height-default elementor-section-height-default\" data-id=\"73bac13\" data-element_type=\"section\" data-e-type=\"section\">\n\t\t\t\t\t\t<div class=\"elementor-container elementor-column-gap-default\">\n\t\t\t\t\t<div class=\"elementor-column elementor-col-100 elementor-top-column elementor-element elementor-element-9693cc2\" data-id=\"9693cc2\" data-element_type=\"column\" data-e-type=\"column\">\n\t\t\t<div class=\"elementor-widget-wrap elementor-element-populated\">\n\t\t\t\t\t\t<div class=\"elementor-element elementor-element-adc3588 elementor-widget elementor-widget-heading\" data-id=\"adc3588\" data-element_type=\"widget\" data-e-type=\"widget\" data-widget_type=\"heading.default\">\n\t\t\t\t<div class=\"elementor-widget-container\">\n\t\t\t\t\t<h2 class=\"elementor-heading-title elementor-size-default\">Selim se u Crnu Goru<\/h2>\t\t\t\t<\/div>\n\t\t\t\t<\/div>\n\t\t\t\t\t<\/div>\n\t\t<\/div>\n\t\t\t\t\t<\/div>\n\t\t<\/section>\n\t\t\t\t<section class=\"elementor-section elementor-top-section elementor-element elementor-element-5b49451 elementor-section-boxed elementor-section-height-default elementor-section-height-default\" data-id=\"5b49451\" data-element_type=\"section\" data-e-type=\"section\">\n\t\t\t\t\t\t<div class=\"elementor-container elementor-column-gap-default\">\n\t\t\t\t\t<div class=\"elementor-column elementor-col-100 elementor-top-column elementor-element elementor-element-9d5768d\" data-id=\"9d5768d\" data-element_type=\"column\" data-e-type=\"column\">\n\t\t\t<div class=\"elementor-widget-wrap elementor-element-populated\">\n\t\t\t\t\t\t<div class=\"elementor-element elementor-element-8dcbba9 elementor-widget elementor-widget-text-editor\" data-id=\"8dcbba9\" data-element_type=\"widget\" data-e-type=\"widget\" data-widget_type=\"text-editor.default\">\n\t\t\t\t<div class=\"elementor-widget-container\">\n\t\t\t\t\t\t\t\t\t<h4>Ako planirate preseljenje u Crnu Goru, mi smo tu da vam pomognemo. Osim \u0161to organiziramo transportnu kompaniju za va\u0161u selidbu, nudimo i opcije skladi\u0161tenja za sigurno i sigurno pohranjivanje va\u0161ih li\u010dnih stvari, bilo kratkoro\u010dno ili dugoro\u010dno.<\/h4>\n<\/p>\n<h3>Na\u0161e usluge uklju\u010duju:<\/h3>\n<\/p>\n<p><strong>\u0160pediterska agencija:<\/strong> Radimo sa pouzdanim brodarskim kompanijama kako bismo vam pomogli u organizaciji va\u0161eg preseljenja. Na\u0161i partneri nude profesionalne usluge transporta Va\u0161ih stvari u Crnu Goru.<\/p>\n<p><strong>Isplative opcije:<\/strong> Uvijek nastojimo da vam pru\u017eimo najisplativije opcije. Na\u0161e partnerske \u0161pedicije nude konkurentne cijene za nesmetano kretanje.<\/p>\n<p><strong>Prekomorska selidba kontejnerskim brodom:<\/strong> Ako \u017eelite da transportujete svoje artikle na velike udaljenosti, mo\u017eemo organizovati i prekookeanske selidbe kontejnerskim brodom. Mi brinemo o svim logisti\u010dkim detaljima za selidbu bez stresa.<\/p>\n<p><strong>Raspore\u0111ivanje opcija skladi\u0161tenja:<\/strong> Nudimo opcije skladi\u0161tenja, bilo da se radi o kratkoro\u010dnom ili dugoro\u010dnom skladi\u0161tenju. Na\u0161i partneri imaju sigurne i sigurne skladi\u0161ne \u200b\u200bprostore u kojima je va\u0161a imovina sigurna.<\/p>\n<p><strong>Li\u010dni savjet:<\/strong> Mi smo na va\u0161oj strani da ponudimo rje\u0161enja po mjeri za va\u0161 preseljenje u Crnu Goru. Uvijek smo tu da odgovorimo na sva va\u0161a pitanja i vodimo vas kroz cijeli proces.<\/p>\n<p>Vjerujte u na\u0161u stru\u010dnost i mre\u017eu kako bi va\u0161 preseljenje u Crnu Goru bio \u0161to lak\u0161i. Vodimo ra\u010duna o svim detaljima kako biste se radovali svom novom \u017eivotu u Crnoj Gori.<\/p>\n\t\t\t\t\t\t\t\t<\/div>\n\t\t\t\t<\/div>\n\t\t\t\t\t<\/div>\n\t\t<\/div>\n\t\t\t\t\t<\/div>\n\t\t<\/section>\n\t\t\t\t<\/div>\n\t\t","protected":false},"excerpt":{"rendered":"<p>Selim se u Crnu Goru Ako planirate preseljenje u Crnu Goru, mi smo tu da vam pomognemo. Osim \u0161to organiziramo transportnu kompaniju za va\u0161u selidbu, nudimo i opcije skladi\u0161tenja za sigurno i sigurno pohranjivanje va\u0161ih li\u010dnih stvari, bilo kratkoro\u010dno ili dugoro\u010dno. Na\u0161e usluge uklju\u010duju: \u0160pediterska agencija: Radimo sa pouzdanim brodarskim kompanijama kako bismo vam pomogli [&hellip;]<\/p>\n","protected":false},"author":2,"featured_media":48958,"parent":0,"menu_order":0,"comment_status":"closed","ping_status":"closed","template":"","meta":{"footnotes":""},"class_list":["post-81816","page","type-page","status-publish","has-post-thumbnail","hentry"],"aioseo_notices":[],"jetpack_sharing_enabled":true,"_links":{"self":[{"href":"https:\/\/immo-monte.me\/bs\/wp-json\/wp\/v2\/pages\/81816","targetHints":{"allow":["GET"]}}],"collection":[{"href":"https:\/\/immo-monte.me\/bs\/wp-json\/wp\/v2\/pages"}],"about":[{"href":"https:\/\/immo-monte.me\/bs\/wp-json\/wp\/v2\/types\/page"}],"author":[{"embeddable":true,"href":"https:\/\/immo-monte.me\/bs\/wp-json\/wp\/v2\/users\/2"}],"replies":[{"embeddable":true,"href":"https:\/\/immo-monte.me\/bs\/wp-json\/wp\/v2\/comments?post=81816"}],"version-history":[{"count":2,"href":"https:\/\/immo-monte.me\/bs\/wp-json\/wp\/v2\/pages\/81816\/revisions"}],"predecessor-version":[{"id":81821,"href":"https:\/\/immo-monte.me\/bs\/wp-json\/wp\/v2\/pages\/81816\/revisions\/81821"}],"wp:featuredmedia":[{"embeddable":true,"href":"https:\/\/immo-monte.me\/bs\/wp-json\/wp\/v2\/media\/48958"}],"wp:attachment":[{"href":"https:\/\/immo-monte.me\/bs\/wp-json\/wp\/v2\/media?parent=81816"}],"curies":[{"name":"wp","href":"https:\/\/api.w.org\/{rel}","templated":true}]}}