{"id":81811,"date":"2024-05-24T21:57:01","date_gmt":"2024-05-24T19:57:01","guid":{"rendered":"https:\/\/immo-monte.me\/podnosenje-zahtjeva-za-boravisnu-dozvolu\/"},"modified":"2024-07-08T16:09:43","modified_gmt":"2024-07-08T14:09:43","slug":"podnosenje-zahtjeva-za-boravisnu-dozvolu","status":"publish","type":"page","link":"https:\/\/immo-monte.me\/bs\/podnosenje-zahtjeva-za-boravisnu-dozvolu\/","title":{"rendered":"Podno\u0161enje zahtjeva za boravi\u0161nu dozvolu"},"content":{"rendered":"\t\t<div data-elementor-type=\"wp-page\" data-elementor-id=\"81811\" class=\"elementor elementor-81811 elementor-79953\" data-elementor-post-type=\"page\">\n\t\t\t\t\t\t<section class=\"elementor-section elementor-top-section elementor-element elementor-element-c2fc445 elementor-section-boxed elementor-section-height-default elementor-section-height-default\" data-id=\"c2fc445\" data-element_type=\"section\" data-e-type=\"section\">\n\t\t\t\t\t\t<div class=\"elementor-container elementor-column-gap-default\">\n\t\t\t\t\t<div class=\"elementor-column elementor-col-100 elementor-top-column elementor-element elementor-element-59c15c7\" data-id=\"59c15c7\" data-element_type=\"column\" data-e-type=\"column\">\n\t\t\t<div class=\"elementor-widget-wrap elementor-element-populated\">\n\t\t\t\t\t\t<div class=\"elementor-element elementor-element-b3dfe98 elementor-widget elementor-widget-image\" data-id=\"b3dfe98\" data-element_type=\"widget\" data-e-type=\"widget\" data-widget_type=\"image.default\">\n\t\t\t\t<div class=\"elementor-widget-container\">\n\t\t\t\t\t\t\t\t\t\t\t\t\t\t\t<img fetchpriority=\"high\" decoding=\"async\" width=\"1024\" height=\"512\" src=\"https:\/\/immo-monte.me\/wp-content\/uploads\/2024\/05\/Immo-Monte-Beantragung-der-Aufenthaltsgenehmigung-1024x512.jpeg\" class=\"attachment-large size-large wp-image-79969\" alt=\"\" srcset=\"https:\/\/immo-monte.me\/wp-content\/uploads\/2024\/05\/Immo-Monte-Beantragung-der-Aufenthaltsgenehmigung-1024x512.jpeg 1024w, https:\/\/immo-monte.me\/wp-content\/uploads\/2024\/05\/Immo-Monte-Beantragung-der-Aufenthaltsgenehmigung-300x150.jpeg 300w, https:\/\/immo-monte.me\/wp-content\/uploads\/2024\/05\/Immo-Monte-Beantragung-der-Aufenthaltsgenehmigung-768x384.jpeg 768w, https:\/\/immo-monte.me\/wp-content\/uploads\/2024\/05\/Immo-Monte-Beantragung-der-Aufenthaltsgenehmigung-1536x768.jpeg 1536w, https:\/\/immo-monte.me\/wp-content\/uploads\/2024\/05\/Immo-Monte-Beantragung-der-Aufenthaltsgenehmigung-2048x1024.jpeg 2048w, https:\/\/immo-monte.me\/wp-content\/uploads\/2024\/05\/Immo-Monte-Beantragung-der-Aufenthaltsgenehmigung-1200x600.jpeg 1200w, https:\/\/immo-monte.me\/wp-content\/uploads\/2024\/05\/Immo-Monte-Beantragung-der-Aufenthaltsgenehmigung-496x248.jpeg 496w\" sizes=\"(max-width: 1024px) 100vw, 1024px\" \/>\t\t\t\t\t\t\t\t\t\t\t\t\t\t\t<\/div>\n\t\t\t\t<\/div>\n\t\t\t\t\t<\/div>\n\t\t<\/div>\n\t\t\t\t\t<\/div>\n\t\t<\/section>\n\t\t\t\t<section class=\"elementor-section elementor-top-section elementor-element elementor-element-54ba440 elementor-section-boxed elementor-section-height-default elementor-section-height-default\" data-id=\"54ba440\" data-element_type=\"section\" data-e-type=\"section\">\n\t\t\t\t\t\t<div class=\"elementor-container elementor-column-gap-default\">\n\t\t\t\t\t<div class=\"elementor-column elementor-col-100 elementor-top-column elementor-element elementor-element-88ad3b2\" data-id=\"88ad3b2\" data-element_type=\"column\" data-e-type=\"column\">\n\t\t\t<div class=\"elementor-widget-wrap elementor-element-populated\">\n\t\t\t\t\t\t<div class=\"elementor-element elementor-element-9d8449b elementor-widget elementor-widget-spacer\" data-id=\"9d8449b\" data-element_type=\"widget\" data-e-type=\"widget\" data-widget_type=\"spacer.default\">\n\t\t\t\t<div class=\"elementor-widget-container\">\n\t\t\t\t\t\t\t<div class=\"elementor-spacer\">\n\t\t\t<div class=\"elementor-spacer-inner\"><\/div>\n\t\t<\/div>\n\t\t\t\t\t\t<\/div>\n\t\t\t\t<\/div>\n\t\t\t\t\t<\/div>\n\t\t<\/div>\n\t\t\t\t\t<\/div>\n\t\t<\/section>\n\t\t\t\t<section class=\"elementor-section elementor-top-section elementor-element elementor-element-a09bf3e elementor-section-boxed elementor-section-height-default elementor-section-height-default\" data-id=\"a09bf3e\" data-element_type=\"section\" data-e-type=\"section\">\n\t\t\t\t\t\t<div class=\"elementor-container elementor-column-gap-default\">\n\t\t\t\t\t<div class=\"elementor-column elementor-col-100 elementor-top-column elementor-element elementor-element-af9ba52\" data-id=\"af9ba52\" data-element_type=\"column\" data-e-type=\"column\">\n\t\t\t<div class=\"elementor-widget-wrap elementor-element-populated\">\n\t\t\t\t\t\t<div class=\"elementor-element elementor-element-3e8bf88 elementor-widget elementor-widget-heading\" data-id=\"3e8bf88\" data-element_type=\"widget\" data-e-type=\"widget\" data-widget_type=\"heading.default\">\n\t\t\t\t<div class=\"elementor-widget-container\">\n\t\t\t\t\t<h2 class=\"elementor-heading-title elementor-size-default\">Podno\u0161enje zahtjeva za boravi\u0161nu dozvolu<\/h2>\t\t\t\t<\/div>\n\t\t\t\t<\/div>\n\t\t\t\t\t<\/div>\n\t\t<\/div>\n\t\t\t\t\t<\/div>\n\t\t<\/section>\n\t\t\t\t<section class=\"elementor-section elementor-top-section elementor-element elementor-element-26e3359 elementor-section-boxed elementor-section-height-default elementor-section-height-default\" data-id=\"26e3359\" data-element_type=\"section\" data-e-type=\"section\">\n\t\t\t\t\t\t<div class=\"elementor-container elementor-column-gap-default\">\n\t\t\t\t\t<div class=\"elementor-column elementor-col-100 elementor-top-column elementor-element elementor-element-3736745\" data-id=\"3736745\" data-element_type=\"column\" data-e-type=\"column\">\n\t\t\t<div class=\"elementor-widget-wrap elementor-element-populated\">\n\t\t\t\t\t\t<div class=\"elementor-element elementor-element-2f70596 elementor-widget elementor-widget-text-editor\" data-id=\"2f70596\" data-element_type=\"widget\" data-e-type=\"widget\" data-widget_type=\"text-editor.default\">\n\t\t\t\t<div class=\"elementor-widget-container\">\n\t\t\t\t\t\t\t\t\t<div class=\"fusion-text fusion-text-2\">\n<h3 class=\"fusion-responsive-typography-calculated\" data-fontsize=\"28\" data-lineheight=\"44.8px\">Ako u\u0111ete u Crnu Goru kao gost, mo\u017eete ostati do 3 mjeseca. Ukoliko kao stranac \u017eelite da ostanete ovdje u Crnoj Gori na du\u017ei vremenski period, bi\u0107e vam potrebna boravi\u0161na dozvola. Naravno, rado \u0107emo vam pomo\u0107i da se prijavite za ovu boravi\u0161nu dozvolu.<\/h3>\n<\/div>\n<div class=\"fusion-separator fusion-full-width-sep\"> <\/div>\n<div class=\"fusion-text fusion-text-3\">\n<h4 class=\"fusion-responsive-typography-calculated\" data-fontsize=\"23\" data-lineheight=\"43.01px\"><strong>Uslovi za dobijanje boravi\u0161ne dozvole<\/strong><\/h4>\n<p>Uslovi za dobijanje boravi\u0161ne dozvole su:<\/p>\n<ol>\n<li>zaposlenje\/posao u kompaniji ovdje u Crnoj Gori<\/li>\n<li>zaposlenje\/posao u vlastitoj kompaniji (koju smo osnovali mi sa vama).<\/li>\n<li>Kupovina nekretnine (stana ili ku\u0107e)<\/li>\n<li>Studirajte ovdje u Crnoj Gori (boravi\u0161na dozvola za studente)<\/li>\n<\/ol>\n<\/div>\n<div class=\"fusion-separator fusion-full-width-sep\"> <\/div>\n<div class=\"fusion-text fusion-text-4\">\n<h4 class=\"fusion-responsive-typography-calculated\" data-fontsize=\"23\" data-lineheight=\"43.01px\"><strong>Potrebni dokumenti\/dokumenti<\/strong><\/h4>\n<p>Kada prvi put podnesete zahtjev za boravi\u0161nu dozvolu, bit \u0107e vam potrebni sljede\u0107i dokumenti:<\/p>\n<ol>\n<li>paso\u0161 (va\u017ee\u0107i)<\/li>\n<li>Izvod iz mati\u010dne knjige ro\u0111enih me\u0111unarodni (ako je me\u0111unarodni, ne treba mu apostille; ako nije me\u0111unarodni, onda mu treba apostille)<\/li>\n<li>Uobi\u010dajena potvrda o provjeravanju u policiji sa apostilleom<\/li>\n<li>pri registraciji supru\u017enika: me\u0111unarodni vjen\u010dani list (ako je me\u0111unarodni, ne treba apostille; ako nije me\u0111unarodni, onda treba apostille)<\/li>\n<li>pri upisu djece: me\u0111unarodni izvod iz mati\u010dne knjige ro\u0111enih (ako je me\u0111unarodna ne treba joj apostille; ako nije internacionalna onda joj treba apostille), ako je odvojena: izjava o starateljstvu, potvrda drugog roditelja<\/li>\n<\/ol>\n<p>Zahtjevi koji se odnose na to koji dokumenti su potrebni u kojem obliku, sa ili bez apostille, mijenjaju se s vremena na vrijeme. Zato ovdje uvijek zapisujemo najbolje \u0161to mo\u017eete i trebate imati, kako ne bi bilo problema sa aplikacijom. Bolje imati previ\u0161e nego premalo.<\/p>\n<p>Prilikom obnavljanja boravi\u0161ne dozvole godi\u0161nje nije potrebno toliko dokumenata.<\/p>\n<\/div>\n<div class=\"fusion-separator fusion-full-width-sep\"> <\/div>\n<div class=\"fusion-text fusion-text-5\">\n<h4 class=\"fusion-responsive-typography-calculated\" data-fontsize=\"23\" data-lineheight=\"43.01px\"><strong>Boravi\u0161na dozvola preko vlastite firme ili posla<\/strong><\/h4>\n<p>Ve\u0107ina njih zapravo pokre\u0107e vlastitu kompaniju jer ionako planira raditi ovdje. Zatim se zapo\u0161ljavate u vlastitoj kompaniji, na primjer kao generalni direktor, a zatim dobijate boravi\u0161nu dozvolu. Ako ste u braku, i va\u0161 supru\u017enik i va\u0161a djeca \u0107e dobiti svoje boravi\u0161ne dozvole preko imenovanog generalnog direktora. Ako niste u braku, va\u0161 partner tako\u0111er mora biti zaposlen u kompaniji i dobiti boravi\u0161nu dozvolu.<\/p>\n<p>Naravno, boravi\u0161nu dozvolu mo\u017eete dobiti i kroz posao u drugoj firmi.<\/p>\n<p><em><strong>Napomena:<\/strong> Zato \u0161to se mnogi ljudi uvijek pitaju: njema\u010dka penzija kao prihod na\u017ealost nije dovoljna za boravi\u0161nu dozvolu.  <\/em><\/p>\n<\/div>\n<div class=\"fusion-separator fusion-full-width-sep\"> <\/div>\n<div class=\"fusion-text fusion-text-6\">\n<h4 class=\"fusion-responsive-typography-calculated\" data-fontsize=\"23\" data-lineheight=\"43.01px\"><strong>Boravi\u0161na dozvola za nekretninu<\/strong><\/h4>\n<p>Ukoliko kupite stan ili ku\u0107u ovdje u Crnoj Gori, automatski \u0107ete dobiti boravi\u0161nu dozvolu. Naravno, ovo se tako\u0111e mora prijaviti u kancelariji. Boravi\u0161na dozvola je vezana za nekretninu i mora se obnavljati svake godine. U ovom slu\u010daju postoji i mogu\u0107nost trajne boravi\u0161ne dozvole nakon pet godina, kao \u0161to je slu\u010daj prilikom osnivanja firme. Ako prodate stan ili ku\u0107u, automatski gubite boravi\u0161nu dozvolu.<\/p>\n<p>Prilikom podno\u0161enja zahtjeva za boravi\u0161nu dozvolu po prvi put, potrebna je opse\u017ena dokumentacija. Kada je u pitanju godi\u0161nja obnova, zapravo vam je opet potrebno puno dokumenata. Me\u0111utim, mi \u0107emo vas pratiti u pribavljanju svih ovih dokumenata ovdje u Crnoj Gori.<\/p>\n<p><em><strong>Napomena:<\/strong> U ovom slu\u010daju samo treba da imate na umu da morate i zdravstveno osiguranje u Crnoj Gori. Prilikom osnivanja i\/ili zapo\u0161ljavanja firme, obavezno zdravstveno osiguranje je automatski uklju\u010deno &#8211; ako dobijete boravi\u0161nu dozvolu za nekretninu, zdravstveno osiguranje se mora posebno sklopiti.  <\/em><\/p>\n<\/div>\n<div class=\"fusion-separator fusion-full-width-sep\"> <\/div>\n<div class=\"fusion-text fusion-text-7\">\n<h4 class=\"fusion-responsive-typography-calculated\" data-fontsize=\"23\" data-lineheight=\"43.01px\"><strong>Kako da dobijem stalni boravak ili \u010dak crnogorsko dr\u017eavljanstvo?<\/strong><\/h4>\n<p>Mo\u017eete podnijeti zahtjev za trajnu boravi\u0161nu dozvolu na tri na\u010dina:<\/p>\n<ol>\n<li>Ako se udate za Crnogorca, mo\u017eete podnijeti zahtjev za stalni boravak nakon 5 godina ili podnijeti zahtjev za dr\u017eavljanstvo nakon 10 godina ako \u017eelite<\/li>\n<li>osnovali ste svoju kompaniju, posjedujete najmanje 52% (tj. vi\u0161e od 51%) dionica kompanije i zaposleni ste kao generalni direktor<\/li>\n<li>posjedujete nekretninu (ku\u0107u\/stan) vi\u0161e od 5 godina<\/li>\n<\/ol>\n<p>Najprije se podnosi zahtjev za boravi\u0161nu dozvolu, a zatim se obnavlja svake godine. Nakon pet godina mo\u017eete podnijeti zahtjev za dozvolu stalnog boravka, a nakon 10 godina imate mogu\u0107nost da zaista aplicirate za i prihvatite crnogorsko dr\u017eavljanstvo. Crna Gora dozvoljava samo jedno dr\u017eavljanstvo, \u0161to zna\u010di da biste se morali odre\u0107i prethodnog dr\u017eavljanstva da biste prihvatili crnogorsko dr\u017eavljanstvo. Obrada prijave mo\u017ee potrajati dugo i mo\u017ee u po\u010detku biti odbijena, a zatim \u0107ete morati poku\u0161ati ponovo. Dakle, 5 ili 10 godina su samo smjernice.<\/p>\n<\/div>\n<div class=\"fusion-separator fusion-full-width-sep\"> <\/div>\n<div class=\"fusion-text fusion-text-8\">\n<h4 class=\"fusion-responsive-typography-calculated\" data-fontsize=\"23\" data-lineheight=\"43.01px\"><strong>Proces prijave<\/strong><\/h4>\n<p>Prije svega: Mi \u0107emo vas, naravno, pratiti kroz sve korake koji su potrebni za podno\u0161enje zahtjeva za boravi\u0161nu dozvolu.<\/p>\n<p>Dakle, sa va\u0161e strane, unaprijed se pobrinite da gore navedene dokumente ponesete sa sobom iz va\u0161e trenutne mati\u010dne zemlje. Ovo je, naravno, preduslov. Tada morate isplanirati oko 3-4 radna dana za zadatke koje treba obaviti na licu mjesta ovdje u Crnoj Gori PRIJE nego \u0161to se prijavite.<\/p>\n<p>Usput, slika \u0107e vas biti snimljena u kancelariji i morat \u0107ete platiti iznos \u201cX\u201d za obradu va\u0161e prijave. Tada \u0107ete dobiti komad papira u kojem \u0107ete navesti kada mo\u017eete preuzeti svoju boravi\u0161nu dozvolu.<\/p>\n<p><em><strong>Napomena o preuzimanju boravi\u0161ne dozvole:<\/strong> Direktor zapravo ima malo vi\u0161e vremena za preuzimanje boravi\u0161ne dozvole, tako da se ona ne mora podi\u0107i u roku navedenom na papiru, ve\u0107 se mo\u017ee podi\u0107i i kasnije. Svi ostali zaposleni moraju podi\u0107i svoju boravi\u0161nu dozvolu manje-vi\u0161e u roku, ina\u010de \u0107e na\u017ealost biti problema.  <\/em><\/p>\n<\/div>\n\t\t\t\t\t\t\t\t<\/div>\n\t\t\t\t<\/div>\n\t\t\t\t\t<\/div>\n\t\t<\/div>\n\t\t\t\t\t<\/div>\n\t\t<\/section>\n\t\t\t\t<\/div>\n\t\t","protected":false},"excerpt":{"rendered":"<p>Podno\u0161enje zahtjeva za boravi\u0161nu dozvolu Ako u\u0111ete u Crnu Goru kao gost, mo\u017eete ostati do 3 mjeseca. Ukoliko kao stranac \u017eelite da ostanete ovdje u Crnoj Gori na du\u017ei vremenski period, bi\u0107e vam potrebna boravi\u0161na dozvola. Naravno, rado \u0107emo vam pomo\u0107i da se prijavite za ovu boravi\u0161nu dozvolu. Uslovi za dobijanje boravi\u0161ne dozvole Uslovi za [&hellip;]<\/p>\n","protected":false},"author":2,"featured_media":79968,"parent":0,"menu_order":0,"comment_status":"closed","ping_status":"closed","template":"","meta":{"footnotes":""},"class_list":["post-81811","page","type-page","status-publish","has-post-thumbnail","hentry"],"aioseo_notices":[],"jetpack_sharing_enabled":true,"_links":{"self":[{"href":"https:\/\/immo-monte.me\/bs\/wp-json\/wp\/v2\/pages\/81811","targetHints":{"allow":["GET"]}}],"collection":[{"href":"https:\/\/immo-monte.me\/bs\/wp-json\/wp\/v2\/pages"}],"about":[{"href":"https:\/\/immo-monte.me\/bs\/wp-json\/wp\/v2\/types\/page"}],"author":[{"embeddable":true,"href":"https:\/\/immo-monte.me\/bs\/wp-json\/wp\/v2\/users\/2"}],"replies":[{"embeddable":true,"href":"https:\/\/immo-monte.me\/bs\/wp-json\/wp\/v2\/comments?post=81811"}],"version-history":[{"count":3,"href":"https:\/\/immo-monte.me\/bs\/wp-json\/wp\/v2\/pages\/81811\/revisions"}],"predecessor-version":[{"id":81822,"href":"https:\/\/immo-monte.me\/bs\/wp-json\/wp\/v2\/pages\/81811\/revisions\/81822"}],"wp:featuredmedia":[{"embeddable":true,"href":"https:\/\/immo-monte.me\/bs\/wp-json\/wp\/v2\/media\/79968"}],"wp:attachment":[{"href":"https:\/\/immo-monte.me\/bs\/wp-json\/wp\/v2\/media?parent=81811"}],"curies":[{"name":"wp","href":"https:\/\/api.w.org\/{rel}","templated":true}]}}