{"id":81807,"date":"2024-05-27T19:19:48","date_gmt":"2024-05-27T17:19:48","guid":{"rendered":"https:\/\/immo-monte.me\/uvoz-i-registracija-vozila-u-crnoj-gori\/"},"modified":"2024-07-08T16:09:35","modified_gmt":"2024-07-08T14:09:35","slug":"uvoz-i-registracija-vozila-u-crnoj-gori","status":"publish","type":"page","link":"https:\/\/immo-monte.me\/bs\/uvoz-i-registracija-vozila-u-crnoj-gori\/","title":{"rendered":"Uvoz i registracija vozila u Crnoj Gori"},"content":{"rendered":"\t\t<div data-elementor-type=\"wp-page\" data-elementor-id=\"81807\" class=\"elementor elementor-81807 elementor-79983\" data-elementor-post-type=\"page\">\n\t\t\t\t\t\t<section class=\"elementor-section elementor-top-section elementor-element elementor-element-5ca2ff7 elementor-section-boxed elementor-section-height-default elementor-section-height-default\" data-id=\"5ca2ff7\" data-element_type=\"section\" data-e-type=\"section\">\n\t\t\t\t\t\t<div class=\"elementor-container elementor-column-gap-default\">\n\t\t\t\t\t<div class=\"elementor-column elementor-col-100 elementor-top-column elementor-element elementor-element-d687a4b\" data-id=\"d687a4b\" data-element_type=\"column\" data-e-type=\"column\">\n\t\t\t<div class=\"elementor-widget-wrap elementor-element-populated\">\n\t\t\t\t\t\t<div class=\"elementor-element elementor-element-4d31d40 elementor-widget elementor-widget-image\" data-id=\"4d31d40\" data-element_type=\"widget\" data-e-type=\"widget\" data-widget_type=\"image.default\">\n\t\t\t\t<div class=\"elementor-widget-container\">\n\t\t\t\t\t\t\t\t\t\t\t\t\t\t\t<img fetchpriority=\"high\" decoding=\"async\" width=\"1024\" height=\"546\" src=\"https:\/\/immo-monte.me\/wp-content\/uploads\/2022\/11\/AdobeStock_128352749-1024x546.jpeg\" class=\"attachment-large size-large wp-image-56908\" alt=\"KFZ-Import und -Anmeldung in Montenegro\" srcset=\"https:\/\/immo-monte.me\/wp-content\/uploads\/2022\/11\/AdobeStock_128352749-1024x546.jpeg 1024w, https:\/\/immo-monte.me\/wp-content\/uploads\/2022\/11\/AdobeStock_128352749-300x160.jpeg 300w, https:\/\/immo-monte.me\/wp-content\/uploads\/2022\/11\/AdobeStock_128352749-768x410.jpeg 768w, https:\/\/immo-monte.me\/wp-content\/uploads\/2022\/11\/AdobeStock_128352749-1536x819.jpeg 1536w, https:\/\/immo-monte.me\/wp-content\/uploads\/2022\/11\/AdobeStock_128352749-2048x1092.jpeg 2048w, https:\/\/immo-monte.me\/wp-content\/uploads\/2022\/11\/AdobeStock_128352749-1125x600.jpeg 1125w, https:\/\/immo-monte.me\/wp-content\/uploads\/2022\/11\/AdobeStock_128352749-496x265.jpeg 496w\" sizes=\"(max-width: 1024px) 100vw, 1024px\" \/>\t\t\t\t\t\t\t\t\t\t\t\t\t\t\t<\/div>\n\t\t\t\t<\/div>\n\t\t\t\t\t<\/div>\n\t\t<\/div>\n\t\t\t\t\t<\/div>\n\t\t<\/section>\n\t\t\t\t<section class=\"elementor-section elementor-top-section elementor-element elementor-element-5b6f96a elementor-section-boxed elementor-section-height-default elementor-section-height-default\" data-id=\"5b6f96a\" data-element_type=\"section\" data-e-type=\"section\">\n\t\t\t\t\t\t<div class=\"elementor-container elementor-column-gap-default\">\n\t\t\t\t\t<div class=\"elementor-column elementor-col-100 elementor-top-column elementor-element elementor-element-f523f6a\" data-id=\"f523f6a\" data-element_type=\"column\" data-e-type=\"column\">\n\t\t\t<div class=\"elementor-widget-wrap elementor-element-populated\">\n\t\t\t\t\t\t<div class=\"elementor-element elementor-element-0a7f992 elementor-widget elementor-widget-spacer\" data-id=\"0a7f992\" data-element_type=\"widget\" data-e-type=\"widget\" data-widget_type=\"spacer.default\">\n\t\t\t\t<div class=\"elementor-widget-container\">\n\t\t\t\t\t\t\t<div class=\"elementor-spacer\">\n\t\t\t<div class=\"elementor-spacer-inner\"><\/div>\n\t\t<\/div>\n\t\t\t\t\t\t<\/div>\n\t\t\t\t<\/div>\n\t\t\t\t\t<\/div>\n\t\t<\/div>\n\t\t\t\t\t<\/div>\n\t\t<\/section>\n\t\t\t\t<section class=\"elementor-section elementor-top-section elementor-element elementor-element-1a6c4c8 elementor-section-boxed elementor-section-height-default elementor-section-height-default\" data-id=\"1a6c4c8\" data-element_type=\"section\" data-e-type=\"section\">\n\t\t\t\t\t\t<div class=\"elementor-container elementor-column-gap-default\">\n\t\t\t\t\t<div class=\"elementor-column elementor-col-100 elementor-top-column elementor-element elementor-element-9f23012\" data-id=\"9f23012\" data-element_type=\"column\" data-e-type=\"column\">\n\t\t\t<div class=\"elementor-widget-wrap elementor-element-populated\">\n\t\t\t\t\t\t<div class=\"elementor-element elementor-element-2328627 elementor-widget elementor-widget-heading\" data-id=\"2328627\" data-element_type=\"widget\" data-e-type=\"widget\" data-widget_type=\"heading.default\">\n\t\t\t\t<div class=\"elementor-widget-container\">\n\t\t\t\t\t<h2 class=\"elementor-heading-title elementor-size-default\">Uvoz i registracija vozila u Crnoj Gori<\/h2>\t\t\t\t<\/div>\n\t\t\t\t<\/div>\n\t\t\t\t\t<\/div>\n\t\t<\/div>\n\t\t\t\t\t<\/div>\n\t\t<\/section>\n\t\t\t\t<section class=\"elementor-section elementor-top-section elementor-element elementor-element-55d5b7e elementor-section-boxed elementor-section-height-default elementor-section-height-default\" data-id=\"55d5b7e\" data-element_type=\"section\" data-e-type=\"section\">\n\t\t\t\t\t\t<div class=\"elementor-container elementor-column-gap-default\">\n\t\t\t\t\t<div class=\"elementor-column elementor-col-100 elementor-top-column elementor-element elementor-element-cbc08f7\" data-id=\"cbc08f7\" data-element_type=\"column\" data-e-type=\"column\">\n\t\t\t<div class=\"elementor-widget-wrap elementor-element-populated\">\n\t\t\t\t\t\t<div class=\"elementor-element elementor-element-e4da415 elementor-widget elementor-widget-text-editor\" data-id=\"e4da415\" data-element_type=\"widget\" data-e-type=\"widget\" data-widget_type=\"text-editor.default\">\n\t\t\t\t<div class=\"elementor-widget-container\">\n\t\t\t\t\t\t\t\t\t<div class=\"flex-1 overflow-hidden\">\n<div class=\"react-scroll-to-bottom--css-sbgmx-79elbk h-full\">\n<div class=\"react-scroll-to-bottom--css-sbgmx-1n7m0yu\">\n<div class=\"flex flex-col text-sm pb-9\">\n<div class=\"w-full text-token-text-primary\" dir=\"auto\" data-testid=\"conversation-turn-11\" data-scroll-anchor=\"true\">\n<div class=\"px-4 py-2 justify-center text-base md:gap-6 m-auto\">\n<div class=\"flex flex-1 text-base mx-auto gap-3 juice:gap-4 juice:md:gap-6 md:px-5 lg:px-1 xl:px-5 md:max-w-3xl lg:max-w-[40rem] xl:max-w-[48rem]\">\n<div class=\"relative flex w-full min-w-0 flex-col agent-turn\">\n<div class=\"flex-col gap-1 md:gap-3\">\n<div class=\"flex flex-grow flex-col max-w-full\">\n<div class=\"min-h-[20px] text-message flex flex-col items-start gap-3 whitespace-pre-wrap break-words [.text-message+&amp;]:mt-5 overflow-x-auto\" dir=\"auto\" data-message-author-role=\"assistant\" data-message-id=\"aa1b1c37-8459-4500-af5c-97abcf4ee215\">\n<div class=\"markdown prose w-full break-words dark:prose-invert light\">\n<p><strong>Nudimo Vam sveobuhvatan asortiman auto servisa. Na\u0161 cilj je da vam omogu\u0107imo neometanu tranziciju i pomognemo vam oko svih aspekata uvoza vozila, osiguranja, registracije i jo\u0161 mnogo toga.<\/strong><\/p>\n<\/p>\n<h3>Nudimo sljede\u0107e usluge:<\/h3>\n<ol>\n<li><strong>Savjeti za uvoz vozila:<\/strong><br \/>Na raspolaganju smo Vam da Vam pru\u017eimo detaljne informacije i savjete o uvozu vozila u Crnu Goru, uklju\u010duju\u0107i potrebnu dokumentaciju, carinske propise i poreze, kao i da dobijemo ponudu za uvoz Va\u0161eg pojedina\u010dnog vozila.\n<\/li>\n<li><strong>Dogovaranje usluga uvoza:<\/strong><br \/>Kroz na\u0161e partnerstvo sa pouzdanim uvoznim kompanijama, olak\u0161avamo vam proces uvoza i osiguravamo nesmetanu obradu.\n<\/li>\n<li><strong>Usluga registracije:<\/strong><br \/>Pomo\u0107i \u0107emo vam da registrujete svoje vozilo kod lokalnih vlasti i obavimo sve potrebne korake, uklju\u010duju\u0107i dobijanje registarskih tablica i registraciju.\n<\/li>\n<li><strong>posredovanje u osiguranju:<\/strong><br \/>Na\u0161i stru\u010dnjaci \u0107e Vam pomo\u0107i da odaberete odgovaraju\u0107u polisu osiguranja automobila koja odgovara Va\u0161im individualnim potrebama.\n<\/li>\n<li><strong>Pregled i odr\u017eavanje vozila:<\/strong><br \/>Preporu\u010dujemo pouzdane radionice i servisne centre za pregled i odr\u017eavanje vozila.\n<\/li>\n<li><strong>Usluge tuma\u010da i prevo\u0111enja:<\/strong><br \/>Dostupni smo kao tuma\u010d kako bismo osigurali da ispravno razumijete sve relevantne informacije, posebno kada su obrasci i dokumenti napisani na lokalnom jeziku.\n<\/li>\n<li><strong>Korisni\u010dka podr\u0161ka i pra\u0107enje:<\/strong><br \/>Na raspolaganju smo vam u svakom trenutku kako bismo osigurali da dobijete podr\u0161ku i da na sva pitanja ili probleme dobijete odgovore \u010dak i nakon \u0161to su formalnosti zavr\u0161ene &#8211; na primjer ako do\u017eivite nesre\u0107u ili ako dokumenti vozila trebaju biti ponovo obnovljeni nakon godinu dana.\n<\/li>\n<li><strong>Posredovanje i nabavka vozila:<\/strong><br \/>Ako jo\u0161 nemate vozilo, rado \u0107emo vam pomo\u0107i u pronala\u017eenju odgovaraju\u0107eg vozila i pomo\u0107i vam da vozilo provjerite u kvalifikovanoj radionici. Na raspolaganju smo Vam i kao prevodioci.<\/li>\n<\/ol>\n<p>Vjerujte na\u0161em iskustvu i stru\u010dnosti kako bismo va\u0161 preseljenje u Crnu Goru u\u010dinili \u0161to bez stresa.<\/p>\n<\/div>\n<\/div>\n<\/div>\n<\/div>\n<\/div>\n<\/div>\n<\/div>\n<\/div>\n<\/div>\n<\/div>\n<\/div>\n<\/div>\n\t\t\t\t\t\t\t\t<\/div>\n\t\t\t\t<\/div>\n\t\t\t\t\t<\/div>\n\t\t<\/div>\n\t\t\t\t\t<\/div>\n\t\t<\/section>\n\t\t\t\t<\/div>\n\t\t","protected":false},"excerpt":{"rendered":"<p>Uvoz i registracija vozila u Crnoj Gori Nudimo Vam sveobuhvatan asortiman auto servisa. Na\u0161 cilj je da vam omogu\u0107imo neometanu tranziciju i pomognemo vam oko svih aspekata uvoza vozila, osiguranja, registracije i jo\u0161 mnogo toga. Nudimo sljede\u0107e usluge: Savjeti za uvoz vozila:Na raspolaganju smo Vam da Vam pru\u017eimo detaljne informacije i savjete o uvozu vozila [&hellip;]<\/p>\n","protected":false},"author":2,"featured_media":48905,"parent":0,"menu_order":0,"comment_status":"closed","ping_status":"closed","template":"","meta":{"footnotes":""},"class_list":["post-81807","page","type-page","status-publish","has-post-thumbnail","hentry"],"aioseo_notices":[],"jetpack_sharing_enabled":true,"_links":{"self":[{"href":"https:\/\/immo-monte.me\/bs\/wp-json\/wp\/v2\/pages\/81807","targetHints":{"allow":["GET"]}}],"collection":[{"href":"https:\/\/immo-monte.me\/bs\/wp-json\/wp\/v2\/pages"}],"about":[{"href":"https:\/\/immo-monte.me\/bs\/wp-json\/wp\/v2\/types\/page"}],"author":[{"embeddable":true,"href":"https:\/\/immo-monte.me\/bs\/wp-json\/wp\/v2\/users\/2"}],"replies":[{"embeddable":true,"href":"https:\/\/immo-monte.me\/bs\/wp-json\/wp\/v2\/comments?post=81807"}],"version-history":[{"count":2,"href":"https:\/\/immo-monte.me\/bs\/wp-json\/wp\/v2\/pages\/81807\/revisions"}],"predecessor-version":[{"id":81809,"href":"https:\/\/immo-monte.me\/bs\/wp-json\/wp\/v2\/pages\/81807\/revisions\/81809"}],"wp:featuredmedia":[{"embeddable":true,"href":"https:\/\/immo-monte.me\/bs\/wp-json\/wp\/v2\/media\/48905"}],"wp:attachment":[{"href":"https:\/\/immo-monte.me\/bs\/wp-json\/wp\/v2\/media?parent=81807"}],"curies":[{"name":"wp","href":"https:\/\/api.w.org\/{rel}","templated":true}]}}