{"id":81796,"date":"2024-05-27T19:31:41","date_gmt":"2024-05-27T17:31:41","guid":{"rendered":"https:\/\/immo-monte.me\/uvoz-camaca-i-brodova-uklj-vez-u-crnoj-gori\/"},"modified":"2024-07-08T16:09:35","modified_gmt":"2024-07-08T14:09:35","slug":"uvoz-camaca-i-brodova-uklj-vez-u-crnoj-gori","status":"publish","type":"page","link":"https:\/\/immo-monte.me\/bs\/uvoz-camaca-i-brodova-uklj-vez-u-crnoj-gori\/","title":{"rendered":"Uvoz \u010damaca i brodova uklj. Vez u Crnoj Gori"},"content":{"rendered":"\t\t<div data-elementor-type=\"wp-page\" data-elementor-id=\"81796\" class=\"elementor elementor-81796 elementor-79997\" data-elementor-post-type=\"page\">\n\t\t\t\t\t\t<section class=\"elementor-section elementor-top-section elementor-element elementor-element-2b676b7 elementor-section-boxed elementor-section-height-default elementor-section-height-default\" data-id=\"2b676b7\" data-element_type=\"section\" data-e-type=\"section\">\n\t\t\t\t\t\t<div class=\"elementor-container elementor-column-gap-default\">\n\t\t\t\t\t<div class=\"elementor-column elementor-col-100 elementor-top-column elementor-element elementor-element-ef621f9\" data-id=\"ef621f9\" data-element_type=\"column\" data-e-type=\"column\">\n\t\t\t<div class=\"elementor-widget-wrap elementor-element-populated\">\n\t\t\t\t\t\t<div class=\"elementor-element elementor-element-5bd10e8 elementor-widget elementor-widget-image\" data-id=\"5bd10e8\" data-element_type=\"widget\" data-e-type=\"widget\" data-widget_type=\"image.default\">\n\t\t\t\t<div class=\"elementor-widget-container\">\n\t\t\t\t\t\t\t\t\t\t\t\t\t\t\t<img fetchpriority=\"high\" decoding=\"async\" width=\"1024\" height=\"683\" src=\"https:\/\/immo-monte.me\/wp-content\/uploads\/2022\/11\/AdobeStock_65442823-1024x683.jpeg\" class=\"attachment-large size-large wp-image-56906\" alt=\"\" srcset=\"https:\/\/immo-monte.me\/wp-content\/uploads\/2022\/11\/AdobeStock_65442823-1024x683.jpeg 1024w, https:\/\/immo-monte.me\/wp-content\/uploads\/2022\/11\/AdobeStock_65442823-300x200.jpeg 300w, https:\/\/immo-monte.me\/wp-content\/uploads\/2022\/11\/AdobeStock_65442823-768x512.jpeg 768w, https:\/\/immo-monte.me\/wp-content\/uploads\/2022\/11\/AdobeStock_65442823-1536x1024.jpeg 1536w, https:\/\/immo-monte.me\/wp-content\/uploads\/2022\/11\/AdobeStock_65442823-2048x1365.jpeg 2048w, https:\/\/immo-monte.me\/wp-content\/uploads\/2022\/11\/AdobeStock_65442823-900x600.jpeg 900w, https:\/\/immo-monte.me\/wp-content\/uploads\/2022\/11\/AdobeStock_65442823-496x331.jpeg 496w\" sizes=\"(max-width: 1024px) 100vw, 1024px\" \/>\t\t\t\t\t\t\t\t\t\t\t\t\t\t\t<\/div>\n\t\t\t\t<\/div>\n\t\t\t\t\t<\/div>\n\t\t<\/div>\n\t\t\t\t\t<\/div>\n\t\t<\/section>\n\t\t\t\t<section class=\"elementor-section elementor-top-section elementor-element elementor-element-6b3a25f elementor-section-boxed elementor-section-height-default elementor-section-height-default\" data-id=\"6b3a25f\" data-element_type=\"section\" data-e-type=\"section\">\n\t\t\t\t\t\t<div class=\"elementor-container elementor-column-gap-default\">\n\t\t\t\t\t<div class=\"elementor-column elementor-col-100 elementor-top-column elementor-element elementor-element-768968d\" data-id=\"768968d\" data-element_type=\"column\" data-e-type=\"column\">\n\t\t\t<div class=\"elementor-widget-wrap elementor-element-populated\">\n\t\t\t\t\t\t<div class=\"elementor-element elementor-element-b486fe8 elementor-widget elementor-widget-spacer\" data-id=\"b486fe8\" data-element_type=\"widget\" data-e-type=\"widget\" data-widget_type=\"spacer.default\">\n\t\t\t\t<div class=\"elementor-widget-container\">\n\t\t\t\t\t\t\t<div class=\"elementor-spacer\">\n\t\t\t<div class=\"elementor-spacer-inner\"><\/div>\n\t\t<\/div>\n\t\t\t\t\t\t<\/div>\n\t\t\t\t<\/div>\n\t\t\t\t\t<\/div>\n\t\t<\/div>\n\t\t\t\t\t<\/div>\n\t\t<\/section>\n\t\t\t\t<section class=\"elementor-section elementor-top-section elementor-element elementor-element-f85e0fc elementor-section-boxed elementor-section-height-default elementor-section-height-default\" data-id=\"f85e0fc\" data-element_type=\"section\" data-e-type=\"section\">\n\t\t\t\t\t\t<div class=\"elementor-container elementor-column-gap-default\">\n\t\t\t\t\t<div class=\"elementor-column elementor-col-100 elementor-top-column elementor-element elementor-element-23fd6af\" data-id=\"23fd6af\" data-element_type=\"column\" data-e-type=\"column\">\n\t\t\t<div class=\"elementor-widget-wrap elementor-element-populated\">\n\t\t\t\t\t\t<div class=\"elementor-element elementor-element-0ce8eb6 elementor-widget elementor-widget-heading\" data-id=\"0ce8eb6\" data-element_type=\"widget\" data-e-type=\"widget\" data-widget_type=\"heading.default\">\n\t\t\t\t<div class=\"elementor-widget-container\">\n\t\t\t\t\t<h2 class=\"elementor-heading-title elementor-size-default\">Uvoz i registracija \u010damaca i brodova uklj. Vez u Crnoj Gori<\/h2>\t\t\t\t<\/div>\n\t\t\t\t<\/div>\n\t\t\t\t\t<\/div>\n\t\t<\/div>\n\t\t\t\t\t<\/div>\n\t\t<\/section>\n\t\t\t\t<section class=\"elementor-section elementor-top-section elementor-element elementor-element-9676589 elementor-section-boxed elementor-section-height-default elementor-section-height-default\" data-id=\"9676589\" data-element_type=\"section\" data-e-type=\"section\">\n\t\t\t\t\t\t<div class=\"elementor-container elementor-column-gap-default\">\n\t\t\t\t\t<div class=\"elementor-column elementor-col-100 elementor-top-column elementor-element elementor-element-67df2d3\" data-id=\"67df2d3\" data-element_type=\"column\" data-e-type=\"column\">\n\t\t\t<div class=\"elementor-widget-wrap elementor-element-populated\">\n\t\t\t\t\t\t<div class=\"elementor-element elementor-element-1cb0a3d elementor-widget elementor-widget-text-editor\" data-id=\"1cb0a3d\" data-element_type=\"widget\" data-e-type=\"widget\" data-widget_type=\"text-editor.default\">\n\t\t\t\t<div class=\"elementor-widget-container\">\n\t\t\t\t\t\t\t\t\t<h4>Nudimo Vam i sveobuhvatnu podr\u0161ku oko uvoza \u010damaca i brodova kao i svih prate\u0107ih aspekata kao \u0161to su osiguranje i vez.<\/h4>\n<\/p>\n<h3>Na\u0161e usluge uklju\u010duju:<\/h3>\n<ol>\n<li><strong>Savjeti o uvozu \u010damaca i brodova:<\/strong> <br \/>Nudimo vam detaljne savjete o zahtjevima i procedurama za uvoz \u010damaca i brodova u Crnu Goru, uklju\u010duju\u0107i potrebnu dokumentaciju, carinske propise i poreze.<br \/>Organiziranje uvoznih usluga: Kroz na\u0161e partnerstvo sa iskusnim uvoznim kompanijama, olak\u0161avamo vam proces uvoza i osiguravamo da svi potrebni koraci teku nesmetano.\n<\/li>\n<li><strong>Savjetovanje i posredovanje u osiguranju:<\/strong> <br \/>Na\u0161i stru\u010dnjaci \u0107e Vam pomo\u0107i da odaberete odgovaraju\u0107e osiguranje \u010damca ili broda koje odgovara Va\u0161im individualnim zahtjevima i dogovori\u0107e policu osiguranja.\n<\/li>\n<li><strong>Podr\u0161ka u pronala\u017eenju le\u017eaja:<\/strong> <br \/>Pomo\u0107i \u0107emo Vam da prona\u0111ete odgovaraju\u0107i vez za Va\u0161 \u010damac ili brod u Crnoj Gori na osnovu Va\u0161ih potreba i preferencija.\n<\/li>\n<li><strong>Usluge tuma\u010da i prevo\u0111enja:<\/strong> <br \/>Na\u0161i prevodioci su vam na raspolaganju kako biste osigurali da ispravno razumijete sve relevantne informacije, posebno kada su obrasci i dokumenti napisani na lokalnom jeziku.\n<\/li>\n<li><strong>Tra\u017eim \u010damac\/brod:<\/strong> <br \/>Jo\u0161 uvijek tra\u017eite \u010damac ili brod? Radimo sa agencijom koja \u0107e Vam pomo\u0107i da prona\u0111ete odgovaraju\u0107i \u010damac ili brod prema Va\u0161im \u017eeljama. Bi\u0107e nam drago da vas stavimo u njihove kompetentne ruke.\n<\/li>\n<li><strong>Korisni\u010dka podr\u0161ka i pra\u0107enje:<\/strong><br \/>Uvijek smo vam na raspolaganju kako bismo osigurali da dobijete podr\u0161ku i da na sva va\u0161a pitanja ili probleme dobijemo odgovore \u010dak i nakon \u0161to su formalnosti zavr\u0161ene.<\/li>\n<\/ol>\n\t\t\t\t\t\t\t\t<\/div>\n\t\t\t\t<\/div>\n\t\t\t\t\t<\/div>\n\t\t<\/div>\n\t\t\t\t\t<\/div>\n\t\t<\/section>\n\t\t\t\t<\/div>\n\t\t","protected":false},"excerpt":{"rendered":"<p>Uvoz i registracija \u010damaca i brodova uklj. Vez u Crnoj Gori Nudimo Vam i sveobuhvatnu podr\u0161ku oko uvoza \u010damaca i brodova kao i svih prate\u0107ih aspekata kao \u0161to su osiguranje i vez. Na\u0161e usluge uklju\u010duju: Savjeti o uvozu \u010damaca i brodova: Nudimo vam detaljne savjete o zahtjevima i procedurama za uvoz \u010damaca i brodova u [&hellip;]<\/p>\n","protected":false},"author":2,"featured_media":48904,"parent":0,"menu_order":0,"comment_status":"closed","ping_status":"closed","template":"","meta":{"footnotes":""},"class_list":["post-81796","page","type-page","status-publish","has-post-thumbnail","hentry"],"aioseo_notices":[],"jetpack_sharing_enabled":true,"_links":{"self":[{"href":"https:\/\/immo-monte.me\/bs\/wp-json\/wp\/v2\/pages\/81796","targetHints":{"allow":["GET"]}}],"collection":[{"href":"https:\/\/immo-monte.me\/bs\/wp-json\/wp\/v2\/pages"}],"about":[{"href":"https:\/\/immo-monte.me\/bs\/wp-json\/wp\/v2\/types\/page"}],"author":[{"embeddable":true,"href":"https:\/\/immo-monte.me\/bs\/wp-json\/wp\/v2\/users\/2"}],"replies":[{"embeddable":true,"href":"https:\/\/immo-monte.me\/bs\/wp-json\/wp\/v2\/comments?post=81796"}],"version-history":[{"count":2,"href":"https:\/\/immo-monte.me\/bs\/wp-json\/wp\/v2\/pages\/81796\/revisions"}],"predecessor-version":[{"id":81800,"href":"https:\/\/immo-monte.me\/bs\/wp-json\/wp\/v2\/pages\/81796\/revisions\/81800"}],"wp:featuredmedia":[{"embeddable":true,"href":"https:\/\/immo-monte.me\/bs\/wp-json\/wp\/v2\/media\/48904"}],"wp:attachment":[{"href":"https:\/\/immo-monte.me\/bs\/wp-json\/wp\/v2\/media?parent=81796"}],"curies":[{"name":"wp","href":"https:\/\/api.w.org\/{rel}","templated":true}]}}