{"id":81781,"date":"2024-05-30T08:40:35","date_gmt":"2024-05-30T06:40:35","guid":{"rendered":"https:\/\/immo-monte.me\/otvorite-bankovni-racun-u-crnoj-gori\/"},"modified":"2024-07-08T16:09:35","modified_gmt":"2024-07-08T14:09:35","slug":"otvorite-bankovni-racun-u-crnoj-gori","status":"publish","type":"page","link":"https:\/\/immo-monte.me\/bs\/otvorite-bankovni-racun-u-crnoj-gori\/","title":{"rendered":"Otvorite bankovni ra\u010dun u Crnoj Gori"},"content":{"rendered":"\t\t<div data-elementor-type=\"wp-page\" data-elementor-id=\"81781\" class=\"elementor elementor-81781 elementor-80043\" data-elementor-post-type=\"page\">\n\t\t\t\t\t\t<section class=\"elementor-section elementor-top-section elementor-element elementor-element-111233f elementor-section-boxed elementor-section-height-default elementor-section-height-default\" data-id=\"111233f\" data-element_type=\"section\" data-e-type=\"section\">\n\t\t\t\t\t\t<div class=\"elementor-container elementor-column-gap-default\">\n\t\t\t\t\t<div class=\"elementor-column elementor-col-100 elementor-top-column elementor-element elementor-element-ef67589\" data-id=\"ef67589\" data-element_type=\"column\" data-e-type=\"column\">\n\t\t\t<div class=\"elementor-widget-wrap elementor-element-populated\">\n\t\t\t\t\t\t<div class=\"elementor-element elementor-element-6fc7230 elementor-widget elementor-widget-image\" data-id=\"6fc7230\" data-element_type=\"widget\" data-e-type=\"widget\" data-widget_type=\"image.default\">\n\t\t\t\t<div class=\"elementor-widget-container\">\n\t\t\t\t\t\t\t\t\t\t\t\t\t\t\t<img fetchpriority=\"high\" decoding=\"async\" width=\"1024\" height=\"683\" src=\"https:\/\/immo-monte.me\/wp-content\/uploads\/2022\/11\/AdobeStock_285891990-1024x683.jpeg\" class=\"attachment-large size-large wp-image-56916\" alt=\"Bankkonten in Montenegro\" srcset=\"https:\/\/immo-monte.me\/wp-content\/uploads\/2022\/11\/AdobeStock_285891990-1024x683.jpeg 1024w, https:\/\/immo-monte.me\/wp-content\/uploads\/2022\/11\/AdobeStock_285891990-300x200.jpeg 300w, https:\/\/immo-monte.me\/wp-content\/uploads\/2022\/11\/AdobeStock_285891990-768x512.jpeg 768w, https:\/\/immo-monte.me\/wp-content\/uploads\/2022\/11\/AdobeStock_285891990-1536x1024.jpeg 1536w, https:\/\/immo-monte.me\/wp-content\/uploads\/2022\/11\/AdobeStock_285891990-2048x1365.jpeg 2048w, https:\/\/immo-monte.me\/wp-content\/uploads\/2022\/11\/AdobeStock_285891990-900x600.jpeg 900w, https:\/\/immo-monte.me\/wp-content\/uploads\/2022\/11\/AdobeStock_285891990-496x331.jpeg 496w\" sizes=\"(max-width: 1024px) 100vw, 1024px\" \/>\t\t\t\t\t\t\t\t\t\t\t\t\t\t\t<\/div>\n\t\t\t\t<\/div>\n\t\t\t\t\t<\/div>\n\t\t<\/div>\n\t\t\t\t\t<\/div>\n\t\t<\/section>\n\t\t\t\t<section class=\"elementor-section elementor-top-section elementor-element elementor-element-2f42238 elementor-section-boxed elementor-section-height-default elementor-section-height-default\" data-id=\"2f42238\" data-element_type=\"section\" data-e-type=\"section\">\n\t\t\t\t\t\t<div class=\"elementor-container elementor-column-gap-default\">\n\t\t\t\t\t<div class=\"elementor-column elementor-col-100 elementor-top-column elementor-element elementor-element-377acdf\" data-id=\"377acdf\" data-element_type=\"column\" data-e-type=\"column\">\n\t\t\t<div class=\"elementor-widget-wrap elementor-element-populated\">\n\t\t\t\t\t\t<div class=\"elementor-element elementor-element-17f6aa8 elementor-widget elementor-widget-spacer\" data-id=\"17f6aa8\" data-element_type=\"widget\" data-e-type=\"widget\" data-widget_type=\"spacer.default\">\n\t\t\t\t<div class=\"elementor-widget-container\">\n\t\t\t\t\t\t\t<div class=\"elementor-spacer\">\n\t\t\t<div class=\"elementor-spacer-inner\"><\/div>\n\t\t<\/div>\n\t\t\t\t\t\t<\/div>\n\t\t\t\t<\/div>\n\t\t\t\t\t<\/div>\n\t\t<\/div>\n\t\t\t\t\t<\/div>\n\t\t<\/section>\n\t\t\t\t<section class=\"elementor-section elementor-top-section elementor-element elementor-element-62aa422 elementor-section-boxed elementor-section-height-default elementor-section-height-default\" data-id=\"62aa422\" data-element_type=\"section\" data-e-type=\"section\">\n\t\t\t\t\t\t<div class=\"elementor-container elementor-column-gap-default\">\n\t\t\t\t\t<div class=\"elementor-column elementor-col-100 elementor-top-column elementor-element elementor-element-34b5c28\" data-id=\"34b5c28\" data-element_type=\"column\" data-e-type=\"column\">\n\t\t\t<div class=\"elementor-widget-wrap elementor-element-populated\">\n\t\t\t\t\t\t<div class=\"elementor-element elementor-element-951603c elementor-widget elementor-widget-heading\" data-id=\"951603c\" data-element_type=\"widget\" data-e-type=\"widget\" data-widget_type=\"heading.default\">\n\t\t\t\t<div class=\"elementor-widget-container\">\n\t\t\t\t\t<h2 class=\"elementor-heading-title elementor-size-default\">Otvorite bankovni ra\u010dun u Crnoj Gori<\/h2>\t\t\t\t<\/div>\n\t\t\t\t<\/div>\n\t\t\t\t\t<\/div>\n\t\t<\/div>\n\t\t\t\t\t<\/div>\n\t\t<\/section>\n\t\t\t\t<section class=\"elementor-section elementor-top-section elementor-element elementor-element-6065896 elementor-section-boxed elementor-section-height-default elementor-section-height-default\" data-id=\"6065896\" data-element_type=\"section\" data-e-type=\"section\">\n\t\t\t\t\t\t<div class=\"elementor-container elementor-column-gap-default\">\n\t\t\t\t\t<div class=\"elementor-column elementor-col-100 elementor-top-column elementor-element elementor-element-ed6ed83\" data-id=\"ed6ed83\" data-element_type=\"column\" data-e-type=\"column\">\n\t\t\t<div class=\"elementor-widget-wrap elementor-element-populated\">\n\t\t\t\t\t\t<div class=\"elementor-element elementor-element-c37be4b elementor-widget elementor-widget-text-editor\" data-id=\"c37be4b\" data-element_type=\"widget\" data-e-type=\"widget\" data-widget_type=\"text-editor.default\">\n\t\t\t\t<div class=\"elementor-widget-container\">\n\t\t\t\t\t\t\t\t\t<p><strong>Ako vam je potreban bankovni ra\u010dun u Crnoj Gori, mi smo tu da vam pomognemo. Kao agencija specijalizovana za emigraciju u Crnu Goru, nudimo podr\u0161ku pri otvaranju privatnih i poslovnih ra\u010duna, kao i otvaranju me\u0111unarodnih ra\u010duna, kreditnih kartica, debitnih kartica i usluga onlajn bankarstva.<\/strong><\/p>\n<\/p>\n<h3>Na\u0161e usluge uklju\u010duju:<\/h3>\n<ol>\n<li><strong>Posredovanje na ra\u010dunu:<\/strong> <br \/>Radimo sa nekoliko renomiranih banaka u Crnoj Gori i pomo\u0107i \u0107emo Vam da prona\u0111ete ra\u010dun koji najbolje odgovara Va\u0161im potrebama. Bilo da vam je potreban privatni nalog za li\u010dnu upotrebu ili poslovni nalog za va\u0161u kompaniju, mi smo tu da vam pomognemo svojom stru\u010dno\u0161\u0107u.\n<\/li>\n<li><strong>Me\u0111unarodni ra\u010duni:<\/strong> <br \/>Ako vam je potreban me\u0111unarodni ra\u010dun za obradu prekograni\u010dnih transakcija ili olak\u0161avanje va\u0161ih me\u0111unarodnih finansijskih transakcija, rado \u0107emo vam pomo\u0107i da se prijavite za takav ra\u010dun.\n<\/li>\n<li><strong>Kreditne i debitne kartice:<\/strong><br \/>Podr\u017eavamo Vas u apliciranju za kreditne i debitne kartice kako biste mogli da bezgotovinsko pla\u0107ate i podi\u017eete novac povoljno i bezbedno, kako u Crnoj Gori, tako iu inostranstvu.\n<\/li>\n<li><strong>Usluge internetskog bankarstva:<\/strong> <br \/>Tako\u0111er \u0107emo vam pomo\u0107i da se prijavite za online bankarstvo u va\u0161oj banci tako da mo\u017eete biti u toku sa svojim finansijama bilo kada i bilo gdje.\n<\/li>\n<li><strong>Usluge tuma\u010da:<\/strong> <br \/>Na\u0161i tuma\u010di su vam na raspolaganju tokom cijelog procesa kako biste osigurali da ispravno razumijete sve relevantne informacije i ispravno popunite sve dokumente, posebno ako su napisani na lokalnom jeziku.<\/li>\n<\/ol>\n<p>Vjerujte na\u0161em iskustvu i mre\u017ei kako bismo proces otvaranja ra\u010duna u Crnoj Gori u\u010dinili \u0161to lak\u0161im i jednostavnijim. Tu smo da vam pomognemo na svakom koraku.<\/p>\n\t\t\t\t\t\t\t\t<\/div>\n\t\t\t\t<\/div>\n\t\t\t\t\t<\/div>\n\t\t<\/div>\n\t\t\t\t\t<\/div>\n\t\t<\/section>\n\t\t\t\t<\/div>\n\t\t","protected":false},"excerpt":{"rendered":"<p>Otvorite bankovni ra\u010dun u Crnoj Gori Ako vam je potreban bankovni ra\u010dun u Crnoj Gori, mi smo tu da vam pomognemo. Kao agencija specijalizovana za emigraciju u Crnu Goru, nudimo podr\u0161ku pri otvaranju privatnih i poslovnih ra\u010duna, kao i otvaranju me\u0111unarodnih ra\u010duna, kreditnih kartica, debitnih kartica i usluga onlajn bankarstva. Na\u0161e usluge uklju\u010duju: Posredovanje na [&hellip;]<\/p>\n","protected":false},"author":2,"featured_media":48917,"parent":0,"menu_order":0,"comment_status":"closed","ping_status":"closed","template":"","meta":{"footnotes":""},"class_list":["post-81781","page","type-page","status-publish","has-post-thumbnail","hentry"],"aioseo_notices":[],"jetpack_sharing_enabled":true,"_links":{"self":[{"href":"https:\/\/immo-monte.me\/bs\/wp-json\/wp\/v2\/pages\/81781","targetHints":{"allow":["GET"]}}],"collection":[{"href":"https:\/\/immo-monte.me\/bs\/wp-json\/wp\/v2\/pages"}],"about":[{"href":"https:\/\/immo-monte.me\/bs\/wp-json\/wp\/v2\/types\/page"}],"author":[{"embeddable":true,"href":"https:\/\/immo-monte.me\/bs\/wp-json\/wp\/v2\/users\/2"}],"replies":[{"embeddable":true,"href":"https:\/\/immo-monte.me\/bs\/wp-json\/wp\/v2\/comments?post=81781"}],"version-history":[{"count":3,"href":"https:\/\/immo-monte.me\/bs\/wp-json\/wp\/v2\/pages\/81781\/revisions"}],"predecessor-version":[{"id":81791,"href":"https:\/\/immo-monte.me\/bs\/wp-json\/wp\/v2\/pages\/81781\/revisions\/81791"}],"wp:featuredmedia":[{"embeddable":true,"href":"https:\/\/immo-monte.me\/bs\/wp-json\/wp\/v2\/media\/48917"}],"wp:attachment":[{"href":"https:\/\/immo-monte.me\/bs\/wp-json\/wp\/v2\/media?parent=81781"}],"curies":[{"name":"wp","href":"https:\/\/api.w.org\/{rel}","templated":true}]}}