{"id":81248,"date":"2020-03-14T11:27:25","date_gmt":"2020-03-14T10:27:25","guid":{"rendered":"https:\/\/immo-monte.me\/otisak\/"},"modified":"2024-07-08T15:48:01","modified_gmt":"2024-07-08T13:48:01","slug":"otisak","status":"publish","type":"page","link":"https:\/\/immo-monte.me\/bs\/otisak\/","title":{"rendered":"otisak"},"content":{"rendered":"\t\t<div data-elementor-type=\"wp-page\" data-elementor-id=\"81248\" class=\"elementor elementor-81248 elementor-45090\" data-elementor-post-type=\"page\">\n\t\t\t\t\t\t<section class=\"elementor-section elementor-top-section elementor-element elementor-element-ed2c79c elementor-section-boxed elementor-section-height-default elementor-section-height-default\" data-id=\"ed2c79c\" data-element_type=\"section\" data-e-type=\"section\">\n\t\t\t\t\t\t<div class=\"elementor-container elementor-column-gap-default\">\n\t\t\t\t\t<div class=\"elementor-column elementor-col-100 elementor-top-column elementor-element elementor-element-e013de0\" data-id=\"e013de0\" data-element_type=\"column\" data-e-type=\"column\">\n\t\t\t<div class=\"elementor-widget-wrap elementor-element-populated\">\n\t\t\t\t\t\t<div class=\"elementor-element elementor-element-992e3d5 elementor-widget elementor-widget-heading\" data-id=\"992e3d5\" data-element_type=\"widget\" data-e-type=\"widget\" data-widget_type=\"heading.default\">\n\t\t\t\t<div class=\"elementor-widget-container\">\n\t\t\t\t\t<h1 class=\"elementor-heading-title elementor-size-default\">otisak<\/h1>\t\t\t\t<\/div>\n\t\t\t\t<\/div>\n\t\t\t\t\t<\/div>\n\t\t<\/div>\n\t\t\t\t\t<\/div>\n\t\t<\/section>\n\t\t\t\t<section class=\"elementor-section elementor-top-section elementor-element elementor-element-0bd9c43 elementor-section-boxed elementor-section-height-default elementor-section-height-default\" data-id=\"0bd9c43\" data-element_type=\"section\" data-e-type=\"section\">\n\t\t\t\t\t\t<div class=\"elementor-container elementor-column-gap-default\">\n\t\t\t\t\t<div class=\"elementor-column elementor-col-100 elementor-top-column elementor-element elementor-element-bfe2547\" data-id=\"bfe2547\" data-element_type=\"column\" data-e-type=\"column\">\n\t\t\t<div class=\"elementor-widget-wrap elementor-element-populated\">\n\t\t\t\t\t\t<div class=\"elementor-element elementor-element-243c2b3 elementor-widget elementor-widget-text-editor\" data-id=\"243c2b3\" data-element_type=\"widget\" data-e-type=\"widget\" data-widget_type=\"text-editor.default\">\n\t\t\t\t<div class=\"elementor-widget-container\">\n\t\t\t\t\t\t\t\t\t\n          <div class=\"p-4 bg-background-blue max-h-[50vh] overflow-x-hidden overflow-y-auto\">\n            \n\n            <div class=\"html-preview\">\n              \n\n              <h4>Prema \u00a7 5 TMG<\/h4>\n              \n\n              <p>Immo Monte doo<br>Dobra Voda bb<br>85000 Barovi, Crna Gora<\/p>\n              <p>\n                <br>\n              <\/p>\n              \n\n              <p>Privredni registar: 5-0892983\/002<br>Registarski sud: Podgorica<\/p>\n              <p>\n                <br>\n              <\/p>\n              \n\n              <p><\/p>\n              \n\n              <p><strong>Predstavljeno od:<\/strong><br>Julia Embacher<br>Dobra Voda bb<br>85000 bara<br>Crna Gora<\/p>\n              <p>\n                <br>\n              <\/p>\n              \n\n              <p><\/p>\n              \n\n              <p><strong>Predsjednik nadzornog odbora:<\/strong><br>Senad Da\u010di\u0107<\/p>\n              \n\n              <h2>\n                \n              <\/h2>\n              \n\n              <h4>Kontakt<\/h4>\n              \n\n              <p>Telefon: +382 69 20 99 25<br>Email: info@immo-monte.me<\/p>\n              <p>\n                <br>\n              <\/p>\n              \n\n              <p><\/p>\n              \n\n              <h4>Uredni\u010dki odgovorna osoba<\/h4>\n              \n\n              <p>Julia Embacher<br>Dobra Voda bb<br>85000 bara<br>Crna Gora<\/p>\n              <p>\n                <br>\n              <\/p>\n              \n\n              <p><\/p>\n              \n\n              <h3>rje\u0161avanje sporova u EU<\/h3>\n              \n\n              <p>Evropska komisija pru\u017ea platformu za online rje\u0161avanje sporova (OS):<a href=\"https:\/\/ec.europa.eu\/consumers\/odr\" target=\"_blank\" rel=\"noopener noreferrer\">https:\/\/ec.europa.eu\/consumers\/odr<\/a> .<br>Na\u0161u adresu e-po\u0161te mo\u017eete prona\u0107i iznad u pravnoj obavijesti.<\/p>\n              <p>\n                <br>\n              <\/p>\n              \n\n              <p><\/p>\n              \n\n              <h3>Rje\u0161avanje potro\u0161a\u010dkih sporova\/univerzalni arbitra\u017eni odbor<\/h3>\n              \n\n              <p>Nismo voljni ili obavezni da u\u010destvujemo u postupcima re\u0161avanja sporova pred arbitra\u017enim odborom potro\u0161a\u010da.<\/p>\n              <p>\n                <br>\n              <\/p>\n              \n\n              <p><\/p>\n              \n\n              <h3>Odgovornost za sadr\u017eaj<\/h3>\n              \n\n              <p>Kao pru\u017ealac usluga, mi smo u skladu sa Odjeljkom 7 stav 1 TMG je odgovoran za sopstveni sadr\u017eaj na ovim stranicama u skladu sa op\u0161tim zakonima. Me\u0111utim, prema odjeljcima 8 do 10 TMG, kao pru\u017ealac usluga nismo u obavezi da nadgledamo prenete ili pohranjene informacije tre\u0107ih strana ili da istra\u017eujemo okolnosti koje ukazuju na nezakonite aktivnosti.<\/p>\n              \n\n              <p>Obaveze uklanjanja ili blokiranja kori\u0161tenja informacija u skladu s op\u0107im zakonom ostaju nepromijenjene. Me\u0111utim, odgovornost u tom pogledu je mogu\u0107a tek od trenutka saznanja za konkretnu povredu zakona. Ako saznamo za bilo koje odgovaraju\u0107e kr\u0161enje zakona, odmah \u0107emo ukloniti ovaj sadr\u017eaj.<\/p>\n              <p>\n                <br>\n              <\/p>\n              \n\n              <p><\/p>\n              \n\n              <h3>Odgovornost za linkove<\/h3>\n              \n\n              <p>Na\u0161a ponuda sadr\u017ei linkove ka vanjskim web stranicama tre\u0107ih strana na \u010diji sadr\u017eaj nemamo utjecaja. Stoga ne mo\u017eemo preuzeti nikakvu odgovornost za ovaj vanjski sadr\u017eaj. Odgovaraju\u0107i provajder ili operater stranica je uvijek odgovoran za sadr\u017eaj povezanih stranica. Povezane stranice su provjerene zbog mogu\u0107ih kr\u0161enja zakona u vrijeme povezivanja. Ilegalni sadr\u017eaj nije bio o\u010digledan u vrijeme povezivanja.<\/p>\n              \n\n              <p>Me\u0111utim, stalna kontrola sadr\u017eaja povezanih stranica je nerazumna bez konkretnih dokaza o kr\u0161enju zakona. Ako saznamo za kr\u0161enje zakona, odmah \u0107emo ukloniti takve linkove.<\/p>\n              <p>\n                <br>\n              <\/p>\n              \n\n              <p><\/p>\n              \n\n              <h3>autorska prava<\/h3>\n              \n\n              <p>Sadr\u017eaj i radovi na ovim stranicama koje su kreirali operateri stranice podlije\u017eu njema\u010dkom zakonu o autorskim pravima. Reprodukcija, obrada, distribucija i bilo koja vrsta iskori\u0161\u0107avanja van granica zakona o autorskim pravima zahtijevaju pismenu saglasnost odgovaraju\u0107eg autora ili kreatora. Preuzimanja i kopije ove stranice dozvoljeni su samo za privatnu, nekomercijalnu upotrebu.<\/p>\n              \n\n              <p>Ukoliko sadr\u017eaj na ovoj stranici nije kreirao operater, po\u0161tuju se autorska prava tre\u0107ih lica. Posebno su sadr\u017eaji tre\u0107ih lica ozna\u010deni kao takvi. Ako ipak saznate za kr\u0161enje autorskih prava, molimo vas da nas o tome obavijestite. Ako saznamo za bilo kakvo kr\u0161enje zakona, odmah \u0107emo ukloniti takav sadr\u017eaj.<\/p>\n              \n\n            <\/div>\n            \n\n          <\/div>\n          \n\n          <div>\n            \n          <\/div>\n        \t\t\t\t\t\t\t\t<\/div>\n\t\t\t\t<\/div>\n\t\t\t\t\t<\/div>\n\t\t<\/div>\n\t\t\t\t\t<\/div>\n\t\t<\/section>\n\t\t\t\t<\/div>\n\t\t","protected":false},"excerpt":{"rendered":"<p>otisak Prema \u00a7 5 TMG Immo Monte dooDobra Voda bb85000 Barovi, Crna Gora Privredni registar: 5-0892983\/002Registarski sud: Podgorica Predstavljeno od:Julia EmbacherDobra Voda bb85000 baraCrna Gora Predsjednik nadzornog odbora:Senad Da\u010di\u0107 Kontakt Telefon: +382 69 20 99 25Email: info@immo-monte.me Uredni\u010dki odgovorna osoba Julia EmbacherDobra Voda bb85000 baraCrna Gora rje\u0161avanje sporova u EU Evropska komisija pru\u017ea platformu za [&hellip;]<\/p>\n","protected":false},"author":2,"featured_media":0,"parent":0,"menu_order":0,"comment_status":"closed","ping_status":"closed","template":"","meta":{"footnotes":""},"class_list":["post-81248","page","type-page","status-publish","hentry"],"aioseo_notices":[],"jetpack_sharing_enabled":true,"_links":{"self":[{"href":"https:\/\/immo-monte.me\/bs\/wp-json\/wp\/v2\/pages\/81248","targetHints":{"allow":["GET"]}}],"collection":[{"href":"https:\/\/immo-monte.me\/bs\/wp-json\/wp\/v2\/pages"}],"about":[{"href":"https:\/\/immo-monte.me\/bs\/wp-json\/wp\/v2\/types\/page"}],"author":[{"embeddable":true,"href":"https:\/\/immo-monte.me\/bs\/wp-json\/wp\/v2\/users\/2"}],"replies":[{"embeddable":true,"href":"https:\/\/immo-monte.me\/bs\/wp-json\/wp\/v2\/comments?post=81248"}],"version-history":[{"count":2,"href":"https:\/\/immo-monte.me\/bs\/wp-json\/wp\/v2\/pages\/81248\/revisions"}],"predecessor-version":[{"id":81250,"href":"https:\/\/immo-monte.me\/bs\/wp-json\/wp\/v2\/pages\/81248\/revisions\/81250"}],"wp:attachment":[{"href":"https:\/\/immo-monte.me\/bs\/wp-json\/wp\/v2\/media?parent=81248"}],"curies":[{"name":"wp","href":"https:\/\/api.w.org\/{rel}","templated":true}]}}