{"id":81234,"date":"2022-06-01T19:39:12","date_gmt":"2022-06-01T17:39:12","guid":{"rendered":"https:\/\/immo-monte.me\/nas-tim\/"},"modified":"2024-07-08T15:47:56","modified_gmt":"2024-07-08T13:47:56","slug":"nas-tim","status":"publish","type":"page","link":"https:\/\/immo-monte.me\/bs\/nas-tim\/","title":{"rendered":"Na\u0161 tim"},"content":{"rendered":"\n<p><\/p>\n\n<p>Na\u0161 tim agenata za nekretnine stalno raste. Po\u010deli smo u podru\u010dju barova i nastavljamo \u0161iriti na\u0161e podru\u010dje. Naravno, na\u0161em timu se pridru\u017euju i drugi agenti za nekretnine. Veoma smo sretni zbog na\u0161eg rastu\u0107eg tima. Mi smo kao velika porodica.  <\/p>\n","protected":false},"excerpt":{"rendered":"<p>Na\u0161 tim agenata za nekretnine stalno raste. Po\u010deli smo u podru\u010dju barova i nastavljamo \u0161iriti na\u0161e podru\u010dje. Naravno, na\u0161em timu se pridru\u017euju i drugi agenti za nekretnine. Veoma smo sretni zbog na\u0161eg rastu\u0107eg tima. Mi smo kao velika porodica.<\/p>\n","protected":false},"author":2,"featured_media":0,"parent":0,"menu_order":0,"comment_status":"closed","ping_status":"closed","template":"template\/template-agents.php","meta":{"footnotes":""},"class_list":["post-81234","page","type-page","status-publish","hentry"],"aioseo_notices":[],"jetpack_sharing_enabled":true,"_links":{"self":[{"href":"https:\/\/immo-monte.me\/bs\/wp-json\/wp\/v2\/pages\/81234","targetHints":{"allow":["GET"]}}],"collection":[{"href":"https:\/\/immo-monte.me\/bs\/wp-json\/wp\/v2\/pages"}],"about":[{"href":"https:\/\/immo-monte.me\/bs\/wp-json\/wp\/v2\/types\/page"}],"author":[{"embeddable":true,"href":"https:\/\/immo-monte.me\/bs\/wp-json\/wp\/v2\/users\/2"}],"replies":[{"embeddable":true,"href":"https:\/\/immo-monte.me\/bs\/wp-json\/wp\/v2\/comments?post=81234"}],"version-history":[{"count":2,"href":"https:\/\/immo-monte.me\/bs\/wp-json\/wp\/v2\/pages\/81234\/revisions"}],"predecessor-version":[{"id":81236,"href":"https:\/\/immo-monte.me\/bs\/wp-json\/wp\/v2\/pages\/81234\/revisions\/81236"}],"wp:attachment":[{"href":"https:\/\/immo-monte.me\/bs\/wp-json\/wp\/v2\/media?parent=81234"}],"curies":[{"name":"wp","href":"https:\/\/api.w.org\/{rel}","templated":true}]}}