{"id":81212,"date":"2015-02-10T19:22:16","date_gmt":"2015-02-10T18:22:16","guid":{"rendered":"https:\/\/immo-monte.me\/kontakt\/"},"modified":"2026-02-10T21:42:54","modified_gmt":"2026-02-10T20:42:54","slug":"kontakt","status":"publish","type":"page","link":"https:\/\/immo-monte.me\/bs\/kontakt\/","title":{"rendered":"Kontakt"},"content":{"rendered":"\t\t<div data-elementor-type=\"wp-page\" data-elementor-id=\"81212\" class=\"elementor elementor-81212 elementor-44012\" data-elementor-post-type=\"page\">\n\t\t\t\t\t\t<section class=\"elementor-section elementor-top-section elementor-element elementor-element-1fbf671 elementor-section-height-min-height elementor-section-items-stretch elementor-reverse-mobile elementor-section-boxed elementor-section-height-default elementor-invisible\" data-id=\"1fbf671\" data-element_type=\"section\" data-e-type=\"section\" data-settings=\"{&quot;background_background&quot;:&quot;classic&quot;,&quot;animation&quot;:&quot;fadeIn&quot;}\">\n\t\t\t\t\t\t<div class=\"elementor-container elementor-column-gap-no\">\n\t\t\t\t\t<div class=\"elementor-column elementor-col-50 elementor-top-column elementor-element elementor-element-2237955\" data-id=\"2237955\" data-element_type=\"column\" data-e-type=\"column\">\n\t\t\t<div class=\"elementor-widget-wrap\">\n\t\t\t\t\t\t\t<\/div>\n\t\t<\/div>\n\t\t\t\t<div class=\"elementor-column elementor-col-50 elementor-top-column elementor-element elementor-element-b230ca9\" data-id=\"b230ca9\" data-element_type=\"column\" data-e-type=\"column\">\n\t\t\t<div class=\"elementor-widget-wrap\">\n\t\t\t\t\t\t\t<\/div>\n\t\t<\/div>\n\t\t\t\t\t<\/div>\n\t\t<\/section>\n\t\t\t\t<section class=\"elementor-section elementor-top-section elementor-element elementor-element-ce013cf elementor-section-boxed elementor-section-height-default elementor-section-height-default\" data-id=\"ce013cf\" data-element_type=\"section\" data-e-type=\"section\" data-settings=\"{&quot;background_background&quot;:&quot;classic&quot;}\">\n\t\t\t\t\t\t<div class=\"elementor-container elementor-column-gap-default\">\n\t\t\t\t\t<div class=\"elementor-column elementor-col-100 elementor-top-column elementor-element elementor-element-be9a56f\" data-id=\"be9a56f\" data-element_type=\"column\" data-e-type=\"column\">\n\t\t\t<div class=\"elementor-widget-wrap elementor-element-populated\">\n\t\t\t\t\t\t<section class=\"elementor-section elementor-inner-section elementor-element elementor-element-f8969aa elementor-reverse-mobile elementor-section-boxed elementor-section-height-default elementor-section-height-default\" data-id=\"f8969aa\" data-element_type=\"section\" data-e-type=\"section\">\n\t\t\t\t\t\t<div class=\"elementor-container elementor-column-gap-default\">\n\t\t\t\t\t<div class=\"elementor-column elementor-col-33 elementor-inner-column elementor-element elementor-element-d16178c\" data-id=\"d16178c\" data-element_type=\"column\" data-e-type=\"column\">\n\t\t\t<div class=\"elementor-widget-wrap elementor-element-populated\">\n\t\t\t\t\t\t<div class=\"elementor-element elementor-element-5c25cc4 elementor-widget elementor-widget-google_maps\" data-id=\"5c25cc4\" data-element_type=\"widget\" data-e-type=\"widget\" data-widget_type=\"google_maps.default\">\n\t\t\t\t<div class=\"elementor-widget-container\">\n\t\t\t\t\t\t\t<div class=\"elementor-custom-embed\">\n\t\t\t<iframe loading=\"lazy\"\n\t\t\t\t\tsrc=\"https:\/\/www.google.com\/maps\/embed\/v1\/place?key=AIzaSyB0lGKOzQOENMyT-MCSe1Wgg_G9OuO28DA&#038;q=Bulevar%20Revolucije%20C6%2C%2085000%20Bar%2C%20Crna%20Gora&#038;zoom=14\"\n\t\t\t\t\ttitle=\"Bulevar Revolucije C6, 85000 Bar, Crna Gora\"\n\t\t\t\t\taria-label=\"Bulevar Revolucije C6, 85000 Bar, Crna Gora\"\n\t\t\t><\/iframe>\n\t\t<\/div>\n\t\t\t\t\t\t<\/div>\n\t\t\t\t<\/div>\n\t\t\t\t<div class=\"elementor-element elementor-element-7de66ac elementor-widget elementor-widget-spacer\" data-id=\"7de66ac\" data-element_type=\"widget\" data-e-type=\"widget\" data-widget_type=\"spacer.default\">\n\t\t\t\t<div class=\"elementor-widget-container\">\n\t\t\t\t\t\t\t<div class=\"elementor-spacer\">\n\t\t\t<div class=\"elementor-spacer-inner\"><\/div>\n\t\t<\/div>\n\t\t\t\t\t\t<\/div>\n\t\t\t\t<\/div>\n\t\t\t\t<div class=\"elementor-element elementor-element-f7cf4f6 elementor-widget elementor-widget-heading\" data-id=\"f7cf4f6\" data-element_type=\"widget\" data-e-type=\"widget\" data-widget_type=\"heading.default\">\n\t\t\t\t<div class=\"elementor-widget-container\">\n\t\t\t\t\t<h3 class=\"elementor-heading-title elementor-size-default\">Na\u0161e lokacije<\/h3>\t\t\t\t<\/div>\n\t\t\t\t<\/div>\n\t\t\t\t<div class=\"elementor-element elementor-element-0fd4449 animated-slow elementor-mobile-align-center elementor-icon-list--layout-traditional elementor-list-item-link-full_width elementor-invisible elementor-widget elementor-widget-icon-list\" data-id=\"0fd4449\" data-element_type=\"widget\" data-e-type=\"widget\" data-settings=\"{&quot;_animation&quot;:&quot;fadeInUp&quot;}\" data-widget_type=\"icon-list.default\">\n\t\t\t\t<div class=\"elementor-widget-container\">\n\t\t\t\t\t\t\t<ul class=\"elementor-icon-list-items\">\n\t\t\t\t\t\t\t<li class=\"elementor-icon-list-item\">\n\t\t\t\t\t\t\t\t\t\t\t<span class=\"elementor-icon-list-icon\">\n\t\t\t\t\t\t\t<svg xmlns=\"http:\/\/www.w3.org\/2000\/svg\" xmlns:xlink=\"http:\/\/www.w3.org\/1999\/xlink\" width=\"50px\" height=\"60px\" viewBox=\"0 0 50 60\"><title>pin<\/title><g id=\"Page-1\" stroke=\"none\" stroke-width=\"1\" fill=\"none\" fill-rule=\"evenodd\" stroke-linecap=\"round\" stroke-linejoin=\"round\"><g id=\"pin\" transform=\"translate(2.500000, 1.885000)\" stroke=\"#E9AFA3\" stroke-width=\"3.75\"><circle id=\"Oval\" cx=\"22.5\" cy=\"22.4999997\" r=\"11.25\"><\/circle><path d=\"M45,22.5 C45,42.2499997 27.67,53.3274997 23.4275,55.7499997 C22.8519705,56.0787468 22.1455295,56.0787468 21.57,55.7499997 C17.3275,53.3249997 0,42.2449997 0,22.5 C0,10.0735929 10.0735933,0 22.5,0 C34.9264067,0 45,10.0735929 45,22.5 L45,22.5 Z\" id=\"Path\"><\/path><\/g><\/g><\/svg>\t\t\t\t\t\t<\/span>\n\t\t\t\t\t\t\t\t\t\t<span class=\"elementor-icon-list-text\"><br>Bulevar Revolucije C6, 85000 Bar, Crna Gora<\/span>\n\t\t\t\t\t\t\t\t\t<\/li>\n\t\t\t\t\t\t\t\t<li class=\"elementor-icon-list-item\">\n\t\t\t\t\t\t\t\t\t\t\t<span class=\"elementor-icon-list-icon\">\n\t\t\t\t\t\t\t<svg xmlns=\"http:\/\/www.w3.org\/2000\/svg\" xmlns:xlink=\"http:\/\/www.w3.org\/1999\/xlink\" width=\"50px\" height=\"60px\" viewBox=\"0 0 50 60\"><title>pin<\/title><g id=\"Page-1\" stroke=\"none\" stroke-width=\"1\" fill=\"none\" fill-rule=\"evenodd\" stroke-linecap=\"round\" stroke-linejoin=\"round\"><g id=\"pin\" transform=\"translate(2.500000, 1.885000)\" stroke=\"#E9AFA3\" stroke-width=\"3.75\"><circle id=\"Oval\" cx=\"22.5\" cy=\"22.4999997\" r=\"11.25\"><\/circle><path d=\"M45,22.5 C45,42.2499997 27.67,53.3274997 23.4275,55.7499997 C22.8519705,56.0787468 22.1455295,56.0787468 21.57,55.7499997 C17.3275,53.3249997 0,42.2449997 0,22.5 C0,10.0735929 10.0735933,0 22.5,0 C34.9264067,0 45,10.0735929 45,22.5 L45,22.5 Z\" id=\"Path\"><\/path><\/g><\/g><\/svg>\t\t\t\t\t\t<\/span>\n\t\t\t\t\t\t\t\t\t\t<span class=\"elementor-icon-list-text\"><br>Ibarska 22, 84310 Ro\u017eaje, Crna Gora<\/span>\n\t\t\t\t\t\t\t\t\t<\/li>\n\t\t\t\t\t\t\t\t<li class=\"elementor-icon-list-item\">\n\t\t\t\t\t\t\t\t\t\t\t<span class=\"elementor-icon-list-icon\">\n\t\t\t\t\t\t\t<svg xmlns=\"http:\/\/www.w3.org\/2000\/svg\" xmlns:xlink=\"http:\/\/www.w3.org\/1999\/xlink\" width=\"50px\" height=\"60px\" viewBox=\"0 0 50 60\"><title>pin<\/title><g id=\"Page-1\" stroke=\"none\" stroke-width=\"1\" fill=\"none\" fill-rule=\"evenodd\" stroke-linecap=\"round\" stroke-linejoin=\"round\"><g id=\"pin\" transform=\"translate(2.500000, 1.885000)\" stroke=\"#E9AFA3\" stroke-width=\"3.75\"><circle id=\"Oval\" cx=\"22.5\" cy=\"22.4999997\" r=\"11.25\"><\/circle><path d=\"M45,22.5 C45,42.2499997 27.67,53.3274997 23.4275,55.7499997 C22.8519705,56.0787468 22.1455295,56.0787468 21.57,55.7499997 C17.3275,53.3249997 0,42.2449997 0,22.5 C0,10.0735929 10.0735933,0 22.5,0 C34.9264067,0 45,10.0735929 45,22.5 L45,22.5 Z\" id=\"Path\"><\/path><\/g><\/g><\/svg>\t\t\t\t\t\t<\/span>\n\t\t\t\t\t\t\t\t\t\t<span class=\"elementor-icon-list-text\"><br>Jungfernstieg 7, 20354 Hamburg, Njema\u010dka<\/span>\n\t\t\t\t\t\t\t\t\t<\/li>\n\t\t\t\t\t\t<\/ul>\n\t\t\t\t\t\t<\/div>\n\t\t\t\t<\/div>\n\t\t\t\t<div class=\"elementor-element elementor-element-5b01b10 elementor-widget elementor-widget-heading\" data-id=\"5b01b10\" data-element_type=\"widget\" data-e-type=\"widget\" data-widget_type=\"heading.default\">\n\t\t\t\t<div class=\"elementor-widget-container\">\n\t\t\t\t\t<h3 class=\"elementor-heading-title elementor-size-default\">telefon<\/h3>\t\t\t\t<\/div>\n\t\t\t\t<\/div>\n\t\t\t\t<div class=\"elementor-element elementor-element-4ddd12a animated-slow elementor-mobile-align-center elementor-icon-list--layout-traditional elementor-list-item-link-full_width elementor-invisible elementor-widget elementor-widget-icon-list\" data-id=\"4ddd12a\" data-element_type=\"widget\" data-e-type=\"widget\" data-settings=\"{&quot;_animation&quot;:&quot;fadeInUp&quot;}\" data-widget_type=\"icon-list.default\">\n\t\t\t\t<div class=\"elementor-widget-container\">\n\t\t\t\t\t\t\t<ul class=\"elementor-icon-list-items\">\n\t\t\t\t\t\t\t<li class=\"elementor-icon-list-item\">\n\t\t\t\t\t\t\t\t\t\t\t<a href=\"tel:+38269209925\">\n\n\t\t\t\t\t\t\t\t\t\t\t\t<span class=\"elementor-icon-list-icon\">\n\t\t\t\t\t\t\t<svg xmlns=\"http:\/\/www.w3.org\/2000\/svg\" xmlns:xlink=\"http:\/\/www.w3.org\/1999\/xlink\" width=\"61px\" height=\"60px\" viewBox=\"0 0 61 60\"><title>whatsapp<\/title><g id=\"Page-1\" stroke=\"none\" stroke-width=\"1\" fill=\"none\" fill-rule=\"evenodd\" stroke-linecap=\"round\" stroke-linejoin=\"round\"><g id=\"whatsapp\" transform=\"translate(2.849903, 1.874634)\" stroke=\"#E9AFA3\" stroke-width=\"3.75\"><path d=\"M28.1500974,0.000182341952 C12.6779057,-0.0550144861 0.0827378056,12.4282958 4.84830522e-05,27.9003659 C-0.0109928697,33.7822696 1.86412236,39.5127619 5.3500974,44.2503659 L1.8500974,54.6253659 L12.6500974,51.2003659 C21.2640615,56.8565618 32.2801845,57.3539047 41.3687851,52.4969232 C50.4573857,47.6399417 56.1656677,38.2050154 56.2500974,27.9003659 C56.1674875,12.4478637 43.6027955,-0.0273998816 28.1500974,0.000182341952 M43.3250974,34.7753659 C43.1500974,34.4753659 42.6500974,34.2753659 41.9250974,33.9253659 C41.2000974,33.5753659 37.5750974,31.8003659 36.9250974,31.5503659 C36.2750974,31.3003659 35.7500974,31.1753659 35.2750974,31.9253659 C34.8000974,32.6753659 34.0250974,33.7503659 33.6000974,34.2253659 C33.1750974,34.7003659 32.7500974,34.7753659 32.0000974,34.4003659 C27.7220247,32.5361062 24.1122451,29.4146059 21.6500974,25.4503659 C21.2250974,24.7253659 21.6500974,24.3253659 21.9750974,23.9753659 C23.2000974,22.7503659 23.2250974,22.9253659 23.5250974,22.3253659 C23.7430191,21.9283011 23.7430191,21.4474307 23.5250974,21.0503659 C23.1500974,20.6253659 21.7750974,17.0753659 21.1500974,15.6253659 C20.5250974,14.1753659 17.3750974,13.9003659 16.1500974,15.2503659 C3.1500974,28.9503659 34.8250974,52.4253659 42.9250974,38.1253659 C43.6012833,37.1612369 43.7513576,35.9231247 43.3250974,34.8253659\" id=\"Shape\"><\/path><\/g><\/g><\/svg>\t\t\t\t\t\t<\/span>\n\t\t\t\t\t\t\t\t\t\t<span class=\"elementor-icon-list-text\"><br>+382 (0)69 - 209 925<\/span>\n\t\t\t\t\t\t\t\t\t\t\t<\/a>\n\t\t\t\t\t\t\t\t\t<\/li>\n\t\t\t\t\t\t<\/ul>\n\t\t\t\t\t\t<\/div>\n\t\t\t\t<\/div>\n\t\t\t\t<div class=\"elementor-element elementor-element-10ed12a elementor-widget elementor-widget-heading\" data-id=\"10ed12a\" data-element_type=\"widget\" data-e-type=\"widget\" data-widget_type=\"heading.default\">\n\t\t\t\t<div class=\"elementor-widget-container\">\n\t\t\t\t\t<h3 class=\"elementor-heading-title elementor-size-default\">Dru\u0161tveni mediji<\/h3>\t\t\t\t<\/div>\n\t\t\t\t<\/div>\n\t\t\t\t<div class=\"elementor-element elementor-element-fffa562 elementor-shape-circle e-grid-align-left e-grid-align-mobile-center elementor-grid-0 elementor-invisible elementor-widget elementor-widget-social-icons\" data-id=\"fffa562\" data-element_type=\"widget\" data-e-type=\"widget\" data-settings=\"{&quot;_animation&quot;:&quot;fadeInUp&quot;}\" data-widget_type=\"social-icons.default\">\n\t\t\t\t<div class=\"elementor-widget-container\">\n\t\t\t\t\t\t\t<div class=\"elementor-social-icons-wrapper elementor-grid\" role=\"list\">\n\t\t\t\t\t\t\t<span class=\"elementor-grid-item\" role=\"listitem\">\n\t\t\t\t\t<a class=\"elementor-icon elementor-social-icon elementor-social-icon-facebook-f elementor-repeater-item-0e3d5fc\" href=\"https:\/\/www.facebook.com\/immomontenegro\" target=\"_blank\">\n\t\t\t\t\t\t<span class=\"elementor-screen-only\">Facebook-f<\/span>\n\t\t\t\t\t\t<i aria-hidden=\"true\" class=\"fab fa-facebook-f\"><\/i>\t\t\t\t\t<\/a>\n\t\t\t\t<\/span>\n\t\t\t\t\t\t\t<span class=\"elementor-grid-item\" role=\"listitem\">\n\t\t\t\t\t<a class=\"elementor-icon elementor-social-icon elementor-social-icon-instagram elementor-repeater-item-46820de\" href=\"https:\/\/www.instagram.com\/immomonte\/\" target=\"_blank\">\n\t\t\t\t\t\t<span class=\"elementor-screen-only\">Instagram<\/span>\n\t\t\t\t\t\t<i aria-hidden=\"true\" class=\"fab fa-instagram\"><\/i>\t\t\t\t\t<\/a>\n\t\t\t\t<\/span>\n\t\t\t\t\t\t\t<span class=\"elementor-grid-item\" role=\"listitem\">\n\t\t\t\t\t<a class=\"elementor-icon elementor-social-icon elementor-social-icon-youtube elementor-repeater-item-326875c\" href=\"https:\/\/www.youtube.com\/@immomonte\" target=\"_blank\">\n\t\t\t\t\t\t<span class=\"elementor-screen-only\">Youtube<\/span>\n\t\t\t\t\t\t<i aria-hidden=\"true\" class=\"fab fa-youtube\"><\/i>\t\t\t\t\t<\/a>\n\t\t\t\t<\/span>\n\t\t\t\t\t\t\t<span class=\"elementor-grid-item\" role=\"listitem\">\n\t\t\t\t\t<a class=\"elementor-icon elementor-social-icon elementor-social-icon-linkedin elementor-repeater-item-c19299e\" href=\"https:\/\/www.linkedin.com\/company\/immo-monte-d-o-o\" target=\"_blank\">\n\t\t\t\t\t\t<span class=\"elementor-screen-only\">Linkedin<\/span>\n\t\t\t\t\t\t<i aria-hidden=\"true\" class=\"fab fa-linkedin\"><\/i>\t\t\t\t\t<\/a>\n\t\t\t\t<\/span>\n\t\t\t\t\t\t\t<span class=\"elementor-grid-item\" role=\"listitem\">\n\t\t\t\t\t<a class=\"elementor-icon elementor-social-icon elementor-social-icon-tiktok elementor-repeater-item-3ff194a\" href=\"https:\/\/www.tiktok.com\/@immomonte\" target=\"_blank\">\n\t\t\t\t\t\t<span class=\"elementor-screen-only\">Tiktok<\/span>\n\t\t\t\t\t\t<i aria-hidden=\"true\" class=\"fab fa-tiktok\"><\/i>\t\t\t\t\t<\/a>\n\t\t\t\t<\/span>\n\t\t\t\t\t<\/div>\n\t\t\t\t\t\t<\/div>\n\t\t\t\t<\/div>\n\t\t\t\t\t<\/div>\n\t\t<\/div>\n\t\t\t\t<div class=\"elementor-column elementor-col-33 elementor-inner-column elementor-element elementor-element-de052a5\" data-id=\"de052a5\" data-element_type=\"column\" data-e-type=\"column\">\n\t\t\t<div class=\"elementor-widget-wrap\">\n\t\t\t\t\t\t\t<\/div>\n\t\t<\/div>\n\t\t\t\t<div class=\"elementor-column elementor-col-33 elementor-inner-column elementor-element elementor-element-a645b1b\" data-id=\"a645b1b\" data-element_type=\"column\" data-e-type=\"column\">\n\t\t\t<div class=\"elementor-widget-wrap elementor-element-populated\">\n\t\t\t\t\t\t<div class=\"elementor-element elementor-element-9f8fd3b animated-slow elementor-invisible elementor-widget elementor-widget-heading\" data-id=\"9f8fd3b\" data-element_type=\"widget\" data-e-type=\"widget\" data-settings=\"{&quot;_animation&quot;:&quot;fadeIn&quot;}\" data-widget_type=\"heading.default\">\n\t\t\t\t<div class=\"elementor-widget-container\">\n\t\t\t\t\t<h2 class=\"elementor-heading-title elementor-size-default\">Slobodno nam pi\u0161ite!<\/h2>\t\t\t\t<\/div>\n\t\t\t\t<\/div>\n\t\t\t\t<div class=\"elementor-element elementor-element-7b4dd46 animated-slow elementor-invisible elementor-widget elementor-widget-text-editor\" data-id=\"7b4dd46\" data-element_type=\"widget\" data-e-type=\"widget\" data-settings=\"{&quot;_animation&quot;:&quot;fadeInUp&quot;}\" data-widget_type=\"text-editor.default\">\n\t\t\t\t<div class=\"elementor-widget-container\">\n\t\t\t\t\t\t\t\t\t<p>Imate li pitanja ili zahtjeva? Slobodno nam pi\u0161ite koriste\u0107i na\u0161 kontakt obrazac, WhatsApp ili Telegram. Ili nas pozovite.  <\/p>\t\t\t\t\t\t\t\t<\/div>\n\t\t\t\t<\/div>\n\t\t\t\t<div class=\"elementor-element elementor-element-b7de155 elementor-widget elementor-widget-wpforms\" data-id=\"b7de155\" data-element_type=\"widget\" data-e-type=\"widget\" data-widget_type=\"wpforms.default\">\n\t\t\t\t<div class=\"elementor-widget-container\">\n\t\t\t\t\t<div class=\"wpforms-container wpforms-container-full\" id=\"wpforms-47215\"><form id=\"wpforms-form-47215\" class=\"wpforms-validate wpforms-form wpforms-ajax-form\" data-formid=\"47215\" method=\"post\" enctype=\"multipart\/form-data\" action=\"\/bs\/wp-json\/wp\/v2\/pages\/81212\" data-token=\"5bfe58b1a52aa7b7ad590c56dc9ca37a\" data-token-time=\"1775812370\"><noscript class=\"wpforms-error-noscript\">Please enable JavaScript in your browser to complete this form.<\/noscript><div class=\"wpforms-field-container\"><div id=\"wpforms-47215-field_0-container\" class=\"wpforms-field wpforms-field-name\" data-field-id=\"0\"><label class=\"wpforms-field-label\">Prezime <span class=\"wpforms-required-label\">*<\/span><\/label><div class=\"wpforms-field-row wpforms-field-medium\"><div class=\"wpforms-field-row-block wpforms-first wpforms-one-half\"><input type=\"text\" id=\"wpforms-47215-field_0\" class=\"wpforms-field-name-first wpforms-field-required\" name=\"wpforms[fields][0][first]\" required><label for=\"wpforms-47215-field_0\" class=\"wpforms-field-sublabel after\">Ime<\/label><\/div><div class=\"wpforms-field-row-block wpforms-one-half\"><input type=\"text\" id=\"wpforms-47215-field_0-last\" class=\"wpforms-field-name-last wpforms-field-required\" name=\"wpforms[fields][0][last]\" required><label for=\"wpforms-47215-field_0-last\" class=\"wpforms-field-sublabel after\">Prezime<\/label><\/div><\/div><\/div><div id=\"wpforms-47215-field_1-container\" class=\"wpforms-field wpforms-field-email\" data-field-id=\"1\"><label class=\"wpforms-field-label\" for=\"wpforms-47215-field_1\">e-mail <span class=\"wpforms-required-label\">*<\/span><\/label><input type=\"email\" id=\"wpforms-47215-field_1\" class=\"wpforms-field-medium wpforms-field-required\" name=\"wpforms[fields][1]\" spellcheck=\"false\" required><\/div><div id=\"wpforms-47215-field_4-container\" class=\"wpforms-field wpforms-field-number\" data-field-id=\"4\"><label class=\"wpforms-field-label\" for=\"wpforms-47215-field_4\">Broj telefona<\/label><input type=\"number\" id=\"wpforms-47215-field_4\" class=\"wpforms-field-medium\" name=\"wpforms[fields][4]\" step=\"any\" ><\/div><div id=\"wpforms-47215-field_2-container\" class=\"wpforms-field wpforms-field-textarea\" data-field-id=\"2\"><label class=\"wpforms-field-label\" for=\"wpforms-47215-field_2\">Komentar ili poruka<\/label><textarea id=\"wpforms-47215-field_2\" class=\"wpforms-field-medium\" name=\"wpforms[fields][2]\" ><\/textarea><\/div><div id=\"wpforms-47215-field_3-container\" class=\"wpforms-field wpforms-field-checkbox\" data-field-id=\"3\"><label class=\"wpforms-field-label\">Potvrdni okviri <span class=\"wpforms-required-label\">*<\/span><\/label><ul id=\"wpforms-47215-field_3\" class=\"wpforms-field-required\"><li class=\"choice-1 depth-1\"><input type=\"checkbox\" id=\"wpforms-47215-field_3_1\" name=\"wpforms[fields][3][]\" value=\"Pro\u010ditao sam izjavu o za\u0161titi podataka. Sla\u017eem se da \u0107e se moji podaci i podaci prikupljati i pohranjivati elektronski kako bismo odgovorili na moj zahtjev. Napomena: Svoj pristanak mo\u017eete opozvati u bilo kom trenutku u budu\u0107nosti slanjem e-po\u0161te na: info@immo-monte.me  \" required ><label class=\"wpforms-field-label-inline\" for=\"wpforms-47215-field_3_1\">Pro\u010ditao sam izjavu o za\u0161titi podataka. Sla\u017eem se da \u0107e se moji podaci i podaci prikupljati i pohranjivati elektronski kako bismo odgovorili na moj zahtjev. Napomena: Svoj pristanak mo\u017eete opozvati u bilo kom trenutku u budu\u0107nosti slanjem e-po\u0161te na: info@immo-monte.me<\/label><\/li><\/ul><\/div><\/div><!-- .wpforms-field-container --><div class=\"wpforms-recaptcha-container wpforms-is-recaptcha wpforms-is-recaptcha-type-v2\" ><div class=\"g-recaptcha\" data-sitekey=\"6Ldx2XssAAAAANDzZ27XAKVulgB_EUbfSwl8UHqY\"><\/div><input type=\"text\" name=\"g-recaptcha-hidden\" class=\"wpforms-recaptcha-hidden\" style=\"position:absolute!important;clip:rect(0,0,0,0)!important;height:1px!important;width:1px!important;border:0!important;overflow:hidden!important;padding:0!important;margin:0!important;\" data-rule-recaptcha=\"1\"><\/div><div class=\"wpforms-submit-container\" ><input type=\"hidden\" name=\"wpforms[id]\" value=\"47215\"><input type=\"hidden\" name=\"page_title\" value=\"\"><input type=\"hidden\" name=\"page_url\" value=\"https:\/\/immo-monte.me\/bs\/wp-json\/wp\/v2\/pages\/81212\"><input type=\"hidden\" name=\"url_referer\" value=\"\"><button type=\"submit\" name=\"wpforms[submit]\" id=\"wpforms-submit-47215\" class=\"wpforms-submit\" data-alt-text=\"Po\u0161alji\u2026\" data-submit-text=\"Submit\" aria-live=\"assertive\" value=\"wpforms-submit\">Submit<\/button><img decoding=\"async\" src=\"https:\/\/immo-monte.me\/wp-content\/plugins\/wpforms-lite\/assets\/images\/submit-spin.svg\" class=\"wpforms-submit-spinner\" style=\"display: none;\" width=\"26\" height=\"26\" alt=\"Loading\"><\/div><\/form><\/div>  <!-- .wpforms-container -->\t\t\t\t<\/div>\n\t\t\t\t<\/div>\n\t\t\t\t<div class=\"elementor-element elementor-element-a572259 elementor-hidden-desktop elementor-hidden-tablet elementor-widget elementor-widget-spacer\" data-id=\"a572259\" data-element_type=\"widget\" data-e-type=\"widget\" data-widget_type=\"spacer.default\">\n\t\t\t\t<div class=\"elementor-widget-container\">\n\t\t\t\t\t\t\t<div class=\"elementor-spacer\">\n\t\t\t<div class=\"elementor-spacer-inner\"><\/div>\n\t\t<\/div>\n\t\t\t\t\t\t<\/div>\n\t\t\t\t<\/div>\n\t\t\t\t<div class=\"elementor-element elementor-element-0f3f74e elementor-widget elementor-widget-spacer\" data-id=\"0f3f74e\" data-element_type=\"widget\" data-e-type=\"widget\" data-widget_type=\"spacer.default\">\n\t\t\t\t<div class=\"elementor-widget-container\">\n\t\t\t\t\t\t\t<div class=\"elementor-spacer\">\n\t\t\t<div class=\"elementor-spacer-inner\"><\/div>\n\t\t<\/div>\n\t\t\t\t\t\t<\/div>\n\t\t\t\t<\/div>\n\t\t\t\t\t<\/div>\n\t\t<\/div>\n\t\t\t\t\t<\/div>\n\t\t<\/section>\n\t\t\t\t\t<\/div>\n\t\t<\/div>\n\t\t\t\t\t<\/div>\n\t\t<\/section>\n\t\t\t\t<\/div>\n\t\t","protected":false},"excerpt":{"rendered":"<p>Na\u0161e lokacije pin Bulevar Revolucije C6, 85000 Bar, Crna Gora pin Ibarska 22, 84310 Ro\u017eaje, Crna Gora pin Jungfernstieg 7, 20354 Hamburg, Njema\u010dka telefon whatsapp +382 (0)69 &#8211; 209 925 Dru\u0161tveni mediji Facebook-f Instagram Youtube Linkedin Tiktok Slobodno nam pi\u0161ite! Imate li pitanja ili zahtjeva? Slobodno nam pi\u0161ite koriste\u0107i na\u0161 kontakt obrazac, WhatsApp ili Telegram. [&hellip;]<\/p>\n","protected":false},"author":2,"featured_media":0,"parent":0,"menu_order":0,"comment_status":"closed","ping_status":"closed","template":"elementor_header_footer","meta":{"footnotes":""},"class_list":["post-81212","page","type-page","status-publish","hentry"],"aioseo_notices":[],"jetpack_sharing_enabled":true,"_links":{"self":[{"href":"https:\/\/immo-monte.me\/bs\/wp-json\/wp\/v2\/pages\/81212","targetHints":{"allow":["GET"]}}],"collection":[{"href":"https:\/\/immo-monte.me\/bs\/wp-json\/wp\/v2\/pages"}],"about":[{"href":"https:\/\/immo-monte.me\/bs\/wp-json\/wp\/v2\/types\/page"}],"author":[{"embeddable":true,"href":"https:\/\/immo-monte.me\/bs\/wp-json\/wp\/v2\/users\/2"}],"replies":[{"embeddable":true,"href":"https:\/\/immo-monte.me\/bs\/wp-json\/wp\/v2\/comments?post=81212"}],"version-history":[{"count":5,"href":"https:\/\/immo-monte.me\/bs\/wp-json\/wp\/v2\/pages\/81212\/revisions"}],"predecessor-version":[{"id":108673,"href":"https:\/\/immo-monte.me\/bs\/wp-json\/wp\/v2\/pages\/81212\/revisions\/108673"}],"wp:attachment":[{"href":"https:\/\/immo-monte.me\/bs\/wp-json\/wp\/v2\/media?parent=81212"}],"curies":[{"name":"wp","href":"https:\/\/api.w.org\/{rel}","templated":true}]}}